{"id":12,"date":"2024-02-28T17:34:02","date_gmt":"2024-02-28T16:34:02","guid":{"rendered":"https:\/\/www.poledance.sk\/?page_id=12"},"modified":"2025-07-27T16:14:54","modified_gmt":"2025-07-27T14:14:54","slug":"pole-dance-je-tvrdy-a-narocny-sport-vyhladovo-olympijsky-nie-je-to-striptiz","status":"publish","type":"page","link":"https:\/\/www.poledance.sk\/index.php\/pole-dance-je-tvrdy-a-narocny-sport-vyhladovo-olympijsky-nie-je-to-striptiz\/","title":{"rendered":"Pole dance je tvrd\u00fd a n\u00e1ro\u010dn\u00fd \u0161port, v\u00fdh\u013eadovo olympijsk\u00fd. Nie je to stript\u00edz."},"content":{"rendered":"\t\t<div data-elementor-type=\"wp-page\" data-elementor-id=\"12\" class=\"elementor elementor-12\">\n\t\t\t\t<div class=\"elementor-element elementor-element-73ddd0c8 e-flex e-con-boxed e-con e-parent\" data-id=\"73ddd0c8\" data-element_type=\"container\" data-e-type=\"container\">\n\t\t\t\t\t<div class=\"e-con-inner\">\n\t\t\t\t<div class=\"elementor-element elementor-element-38cea7a0 elementor-widget elementor-widget-text-editor\" data-id=\"38cea7a0\" data-element_type=\"widget\" data-e-type=\"widget\" data-widget_type=\"text-editor.default\">\n\t\t\t\t<div class=\"elementor-widget-container\">\n\t\t\t\t\t\t\t\t\t\n<p><img fetchpriority=\"high\" decoding=\"async\" class=\"alignnone size-large wp-image-381\" src=\"https:\/\/www.poledance.sk\/wp-content\/uploads\/2025\/02\/close-up-professional-strong-male-model1-1024x528.jpg\" alt=\"\" width=\"1024\" height=\"528\" srcset=\"https:\/\/www.poledance.sk\/wp-content\/uploads\/2025\/02\/close-up-professional-strong-male-model1-1024x528.jpg 1024w, https:\/\/www.poledance.sk\/wp-content\/uploads\/2025\/02\/close-up-professional-strong-male-model1-300x155.jpg 300w, https:\/\/www.poledance.sk\/wp-content\/uploads\/2025\/02\/close-up-professional-strong-male-model1-768x396.jpg 768w, https:\/\/www.poledance.sk\/wp-content\/uploads\/2025\/02\/close-up-professional-strong-male-model1-1536x792.jpg 1536w, https:\/\/www.poledance.sk\/wp-content\/uploads\/2025\/02\/close-up-professional-strong-male-model1-2048x1056.jpg 2048w, https:\/\/www.poledance.sk\/wp-content\/uploads\/2025\/02\/close-up-professional-strong-male-model1-1000x516.jpg 1000w, https:\/\/www.poledance.sk\/wp-content\/uploads\/2025\/02\/close-up-professional-strong-male-model1-230x119.jpg 230w, https:\/\/www.poledance.sk\/wp-content\/uploads\/2025\/02\/close-up-professional-strong-male-model1-350x180.jpg 350w, https:\/\/www.poledance.sk\/wp-content\/uploads\/2025\/02\/close-up-professional-strong-male-model1-480x247.jpg 480w\" sizes=\"(max-width: 1024px) 100vw, 1024px\" \/><\/p>\n<p><em>Pole dance<\/em> alebo po slovensky <em>tanec na ty\u010di<\/em> kombinuje tanec a akrobaciu zameran\u00fa na vertik\u00e1lnu ty\u010d (tenk\u00fd zvisl\u00fd st\u013ap). T\u00e1to forma umenia, no hlavne \u0161portu sa vykon\u00e1va u\u017e d\u00e1vno nie iba v r\u00f4znych p\u00e1nskych kluboch vo forme viac alebo menej eroticky laden\u00e9ho tanca. V ostatnej dobe si z\u00edskava st\u00e1le v\u00e4\u010d\u0161iu popularitu aj ako v\u00fdrazn\u00e1 a silno sa presadzuj\u00faca forma <a href=\"https:\/\/sk.wikipedia.org\/wiki\/Fitnes\" target=\"_blank\" rel=\"noreferrer noopener\">fitnes<\/a>, ktorej sa medzi\u010dasom venuj\u00fa doslova mili\u00f3ny \u013eud\u00ed takmer na v\u0161etk\u00fdch kontinentoch.<\/p>\n\n<p>Nad\u0161enci pole dance praktizuj\u00fa tento \u0161port v \u0161pecializovan\u00fdch tane\u010dn\u00fdch \u0161t\u00fadi\u00e1ch a \u0161kol\u00e1ch. Amat\u00e9rske aj profesion\u00e1lne p\u00f3lov\u00e9 tane\u010dn\u00e9 s\u00fa\u0165a\u017ee (tzv. <a href=\"https:\/\/www.facebook.com\/SAAPA11\/\" target=\"_blank\" rel=\"noreferrer noopener\"><em>Air Power Athletics<\/em><\/a><em>)<\/em> sa konaj\u00fa v krajin\u00e1ch po celom svete, Slovensko nevyn\u00edmaj\u00fac.<\/p>\n\n<figure class=\"wp-block-image aligncenter size-large is-resized\"><img decoding=\"async\" width=\"683\" height=\"1024\" class=\"wp-image-18\" style=\"width: 475px; height: auto;\" src=\"https:\/\/www.poledance.sk\/wp-content\/uploads\/2024\/02\/pexels-konstantin-mishchenko-6100286-683x1024.jpg\" alt=\"\" srcset=\"https:\/\/www.poledance.sk\/wp-content\/uploads\/2024\/02\/pexels-konstantin-mishchenko-6100286-683x1024.jpg 683w, https:\/\/www.poledance.sk\/wp-content\/uploads\/2024\/02\/pexels-konstantin-mishchenko-6100286-200x300.jpg 200w, https:\/\/www.poledance.sk\/wp-content\/uploads\/2024\/02\/pexels-konstantin-mishchenko-6100286-768x1152.jpg 768w, https:\/\/www.poledance.sk\/wp-content\/uploads\/2024\/02\/pexels-konstantin-mishchenko-6100286-1024x1536.jpg 1024w, https:\/\/www.poledance.sk\/wp-content\/uploads\/2024\/02\/pexels-konstantin-mishchenko-6100286-1365x2048.jpg 1365w, https:\/\/www.poledance.sk\/wp-content\/uploads\/2024\/02\/pexels-konstantin-mishchenko-6100286-scaled.jpg 1707w\" sizes=\"(max-width: 683px) 100vw, 683px\" \/><\/figure>\n\n<h2 class=\"wp-block-heading\"><strong>Pole dance \u010di\u017ee tanec <em>s<\/em> ty\u010dou, <em>pri <\/em>alebo <em>na <\/em>ty\u010di<\/strong><\/h2>\n\n<p>Vy\u017eaduje v\u00fdrazn\u00fa svalov\u00fa silu, vytrvalos\u0165 a koordin\u00e1ciu (rovnako ako zmyselnos\u0165 v pr\u00edpade formy exotick\u00e9ho tanca). Dnes sa v\u00fdkony \u201eexotick\u00fdch\u201c tane\u010dn\u00edkov ako aj amat\u00e9rsky \u010di profesion\u00e1lnych \u0161portovcov \u2013 \u017eensk\u00fdch aj mu\u017esk\u00fdch \u2013 pohybuj\u00fa v rozmedz\u00ed od z\u00e1kladn\u00fdch tzv. spinov cez stript\u00edz v int\u00edmnych kluboch, a\u017e po atletick\u00e9 vyst\u00fapenia.<\/p>\n\n<p>Pole dance tie\u017e vy\u017eaduje a aj buduje v\u00fdrazn\u00fa svalov\u00fa pevnos\u0165 a flexibilitu. Sila a stabilita najm\u00e4 hornej \u010dasti tela a jadra sa vy\u017eaduje na dosiahnutie odborn\u00e9ho prevedenia ktor\u00e9hoko\u013evek cviku na ty\u010di. Potrebn\u00e9 je n\u00e1le\u017eit\u00e9 \u0161kolenie a d\u00f4kladn\u00fd, to znamen\u00e1 pravideln\u00fd a dlhodob\u00fd tr\u00e9ning.<\/p>\n\n<blockquote class=\"wp-block-quote is-layout-flow wp-block-quote-is-layout-flow\">\n<p><strong>Pole dance je \u00fa\u017easn\u00e1 met\u00f3da ako \u00fa\u010dinne vyformova\u0165 telo. Pole \u0161port sa \u010doraz viac dost\u00e1va do povedomia aj na Slovensku. Miest, kde sa d\u00e1 u\u010di\u0165 a tr\u00e9nova\u0165, st\u00e1le prib\u00fada. Hodina tanca na ty\u010di nielen\u017ee plnohodnotne nahrad\u00ed hodinu v posil\u0148ovni. V\u00fdrazne ju prev\u00fd\u0161i t\u00fdm, \u017ee tr\u00e9nuje, posil\u0148uje a tvaruje telo podstatne komplexnej\u0161ie a rovnomernej\u0161ie.<\/strong><\/p>\n<\/blockquote>\n\n<figure class=\"wp-block-image size-large\"><img decoding=\"async\" width=\"1024\" height=\"682\" class=\"wp-image-37\" src=\"https:\/\/www.poledance.sk\/wp-content\/uploads\/2024\/03\/woman-crosses-her-legs-around-pole-while-she-dances-studio-1024x682.jpg\" alt=\"\" srcset=\"https:\/\/www.poledance.sk\/wp-content\/uploads\/2024\/03\/woman-crosses-her-legs-around-pole-while-she-dances-studio-1024x682.jpg 1024w, https:\/\/www.poledance.sk\/wp-content\/uploads\/2024\/03\/woman-crosses-her-legs-around-pole-while-she-dances-studio-300x200.jpg 300w, https:\/\/www.poledance.sk\/wp-content\/uploads\/2024\/03\/woman-crosses-her-legs-around-pole-while-she-dances-studio-768x512.jpg 768w, https:\/\/www.poledance.sk\/wp-content\/uploads\/2024\/03\/woman-crosses-her-legs-around-pole-while-she-dances-studio-1536x1024.jpg 1536w, https:\/\/www.poledance.sk\/wp-content\/uploads\/2024\/03\/woman-crosses-her-legs-around-pole-while-she-dances-studio-2048x1365.jpg 2048w, https:\/\/www.poledance.sk\/wp-content\/uploads\/2024\/03\/woman-crosses-her-legs-around-pole-while-she-dances-studio-1000x666.jpg 1000w, https:\/\/www.poledance.sk\/wp-content\/uploads\/2024\/03\/woman-crosses-her-legs-around-pole-while-she-dances-studio-230x153.jpg 230w, https:\/\/www.poledance.sk\/wp-content\/uploads\/2024\/03\/woman-crosses-her-legs-around-pole-while-she-dances-studio-350x233.jpg 350w, https:\/\/www.poledance.sk\/wp-content\/uploads\/2024\/03\/woman-crosses-her-legs-around-pole-while-she-dances-studio-480x320.jpg 480w\" sizes=\"(max-width: 1024px) 100vw, 1024px\" \/><\/figure>\n\n<h4 class=\"wp-block-heading has-text-align-left\"><strong>Od polovice dvadsiatych rokov pracovali propag\u00e1tori s\u00fa\u0165a\u017e\u00ed pole dance na snahe zmeni\u0165 vn\u00edmanie tohto \u0161portu zo strany spolo\u010dnosti<\/strong>,<\/h4>\n\n<p>aby bola v\u0161eobecne akceptovan\u00e1 telesn\u00e1 zdatnos\u0165 cvi\u010dencov pole dance ako \u010disto nesexu\u00e1lna forma tanca a akrobacie \u2013 no hlavne \u0161portu. Sna\u017eia sa dosta\u0165 pole dance na olympijsk\u00e9 hry ako uzn\u00e1van\u00fd \u0161port. Prv\u00fdm stup\u0148om k dosiahnutiu tejto m\u00e9ty bola akcept\u00e1cia pole \u0161port asoci\u00e1ciou <a href=\"https:\/\/www.poledance.sk\/index.php\/2024\/03\/14\/olympijske-ambicie-pole-dance-naplnene-konecne-v-los-angeles-2028\/\">GAISF ako ofici\u00e1lnej \u0161portovej discipl\u00edny<\/a>.<\/p>\n\n<h2 class=\"wp-block-heading\"><strong>Tanec s ty\u010dou sa pova\u017euje za formu \u0161portovej aktivity,<\/strong><\/h2>\n\n<p>ktor\u00fa mo\u017eno bra\u0165 ako tzv. aer\u00f3bne aj anaer\u00f3bne cvi\u010denie. <a href=\"https:\/\/www.poledance.sk\/wp-admin\/post.php?post=104&amp;action=edit\">Pr\u00e1ve dosiahnut\u00edm akcept\u00e1cie zo strany zmienenej Glob\u00e1lnej asoci\u00e1cie medzin\u00e1rodn\u00fdch \u0161portov\u00fdch feder\u00e1ci\u00ed u\u017e snahe o z\u00edskanie \u0161tat\u00fatu olympijsk\u00e9ho \u0161portu nestoj\u00ed viac ni\u010d v ceste.<\/a><\/p>\n\n<figure class=\"wp-block-image size-large\"><img decoding=\"async\" class=\"wp-image-44\" src=\"https:\/\/www.poledance.sk\/wp-content\/uploads\/2024\/03\/girl-whirls-around-pole-while-performing-dance-yoga-studio-with-white-brick-walls-2-1024x678.jpg\" alt=\"\" \/><\/figure>\n\n<p class=\"has-text-align-right\">Autor textu Andy Sebastian Mor\u00e1vek<\/p>\n\n<p class=\"has-text-align-right\">O autorovi: <a href=\"https:\/\/andymoravek.sk\">https:\/\/andymoravek.sk<\/a><\/p>\n\t\t\t\t\t\t\t\t<\/div>\n\t\t\t\t<\/div>\n\t\t\t\t\t<\/div>\n\t\t\t\t<\/div>\n\t\t\t\t<\/div>\n\t\t","protected":false},"excerpt":{"rendered":"<p>Pole dance alebo po slovensky tanec na ty\u010di kombinuje tanec a akrobaciu zameran\u00fa na vertik\u00e1lnu ty\u010d (tenk\u00fd zvisl\u00fd st\u013ap). T\u00e1to forma umenia, [&hellip;]<\/p>\n","protected":false},"author":1,"featured_media":25,"parent":0,"menu_order":0,"comment_status":"closed","ping_status":"closed","template":"","meta":{"_uf_show_specific_survey":0,"_uf_disable_surveys":false,"footnotes":""},"class_list":["post-12","page","type-page","status-publish","has-post-thumbnail","hentry"],"yoast_head":"<!-- This site is optimized with the Yoast SEO plugin v27.5 - https:\/\/yoast.com\/product\/yoast-seo-wordpress\/ -->\n<title>Pole dance je tvrd\u00fd a n\u00e1ro\u010dn\u00fd \u0161port, v\u00fdh\u013eadovo olympijsk\u00fd.<\/title>\n<meta name=\"description\" content=\"Pole Dance je nov\u00fd a modern\u00fd \u0161port, ktor\u00fd v sebe sp\u00e1ja prvky fitnes cvi\u010denia a tanca na ty\u010di kombinuje tanec a akrobaciu zameran\u00fa na vertik\u00e1lnu ty\u010d\" \/>\n<meta name=\"robots\" content=\"index, follow, max-snippet:-1, max-image-preview:large, max-video-preview:-1\" \/>\n<link rel=\"canonical\" href=\"https:\/\/www.poledance.sk\/index.php\/pole-dance-je-tvrdy-a-narocny-sport-vyhladovo-olympijsky-nie-je-to-striptiz\/\" \/>\n<meta property=\"og:locale\" content=\"sk_SK\" \/>\n<meta property=\"og:type\" content=\"article\" \/>\n<meta property=\"og:title\" content=\"Pole dance je tvrd\u00fd a n\u00e1ro\u010dn\u00fd \u0161port, v\u00fdh\u013eadovo olympijsk\u00fd.\" \/>\n<meta property=\"og:description\" content=\"Pole Dance je nov\u00fd a modern\u00fd \u0161port, ktor\u00fd v sebe sp\u00e1ja prvky fitnes cvi\u010denia a tanca na ty\u010di kombinuje tanec a akrobaciu zameran\u00fa na vertik\u00e1lnu ty\u010d\" \/>\n<meta property=\"og:url\" content=\"https:\/\/www.poledance.sk\/index.php\/pole-dance-je-tvrdy-a-narocny-sport-vyhladovo-olympijsky-nie-je-to-striptiz\/\" \/>\n<meta property=\"og:site_name\" content=\"www.poledance.sk\" \/>\n<meta property=\"article:publisher\" content=\"https:\/\/www.facebook.com\/mickapoleslovensko\" \/>\n<meta property=\"article:modified_time\" content=\"2025-07-27T14:14:54+00:00\" \/>\n<meta property=\"og:image\" content=\"https:\/\/www.poledance.sk\/wp-content\/uploads\/2024\/02\/pexels-poleplace-online-poledance-studio-17286941-scaled.jpg\" \/>\n\t<meta property=\"og:image:width\" content=\"2560\" \/>\n\t<meta property=\"og:image:height\" content=\"1707\" \/>\n\t<meta property=\"og:image:type\" content=\"image\/jpeg\" \/>\n<meta name=\"twitter:card\" content=\"summary_large_image\" \/>\n<meta name=\"twitter:label1\" content=\"Predpokladan\u00fd \u010das \u010d\u00edtania\" \/>\n\t<meta name=\"twitter:data1\" content=\"3 min\u00faty\" \/>\n<script type=\"application\/ld+json\" class=\"yoast-schema-graph\">{\"@context\":\"https:\\\/\\\/schema.org\",\"@graph\":[{\"@type\":\"WebPage\",\"@id\":\"https:\\\/\\\/www.poledance.sk\\\/index.php\\\/pole-dance-je-tvrdy-a-narocny-sport-vyhladovo-olympijsky-nie-je-to-striptiz\\\/\",\"url\":\"https:\\\/\\\/www.poledance.sk\\\/index.php\\\/pole-dance-je-tvrdy-a-narocny-sport-vyhladovo-olympijsky-nie-je-to-striptiz\\\/\",\"name\":\"Pole dance je tvrd\u00fd a n\u00e1ro\u010dn\u00fd \u0161port, v\u00fdh\u013eadovo olympijsk\u00fd.\",\"isPartOf\":{\"@id\":\"https:\\\/\\\/www.poledance.sk\\\/#website\"},\"primaryImageOfPage\":{\"@id\":\"https:\\\/\\\/www.poledance.sk\\\/index.php\\\/pole-dance-je-tvrdy-a-narocny-sport-vyhladovo-olympijsky-nie-je-to-striptiz\\\/#primaryimage\"},\"image\":{\"@id\":\"https:\\\/\\\/www.poledance.sk\\\/index.php\\\/pole-dance-je-tvrdy-a-narocny-sport-vyhladovo-olympijsky-nie-je-to-striptiz\\\/#primaryimage\"},\"thumbnailUrl\":\"https:\\\/\\\/www.poledance.sk\\\/wp-content\\\/uploads\\\/2024\\\/02\\\/pexels-poleplace-online-poledance-studio-17286941-scaled.jpg\",\"datePublished\":\"2024-02-28T16:34:02+00:00\",\"dateModified\":\"2025-07-27T14:14:54+00:00\",\"description\":\"Pole Dance je nov\u00fd a modern\u00fd \u0161port, ktor\u00fd v sebe sp\u00e1ja prvky fitnes cvi\u010denia a tanca na ty\u010di kombinuje tanec a akrobaciu zameran\u00fa na vertik\u00e1lnu ty\u010d\",\"breadcrumb\":{\"@id\":\"https:\\\/\\\/www.poledance.sk\\\/index.php\\\/pole-dance-je-tvrdy-a-narocny-sport-vyhladovo-olympijsky-nie-je-to-striptiz\\\/#breadcrumb\"},\"inLanguage\":\"sk-SK\",\"potentialAction\":[{\"@type\":\"ReadAction\",\"target\":[\"https:\\\/\\\/www.poledance.sk\\\/index.php\\\/pole-dance-je-tvrdy-a-narocny-sport-vyhladovo-olympijsky-nie-je-to-striptiz\\\/\"]}]},{\"@type\":\"ImageObject\",\"inLanguage\":\"sk-SK\",\"@id\":\"https:\\\/\\\/www.poledance.sk\\\/index.php\\\/pole-dance-je-tvrdy-a-narocny-sport-vyhladovo-olympijsky-nie-je-to-striptiz\\\/#primaryimage\",\"url\":\"https:\\\/\\\/www.poledance.sk\\\/wp-content\\\/uploads\\\/2024\\\/02\\\/pexels-poleplace-online-poledance-studio-17286941-scaled.jpg\",\"contentUrl\":\"https:\\\/\\\/www.poledance.sk\\\/wp-content\\\/uploads\\\/2024\\\/02\\\/pexels-poleplace-online-poledance-studio-17286941-scaled.jpg\",\"width\":2560,\"height\":1707,\"caption\":\"https:\\\/\\\/poleplace.com\\\/\"},{\"@type\":\"BreadcrumbList\",\"@id\":\"https:\\\/\\\/www.poledance.sk\\\/index.php\\\/pole-dance-je-tvrdy-a-narocny-sport-vyhladovo-olympijsky-nie-je-to-striptiz\\\/#breadcrumb\",\"itemListElement\":[{\"@type\":\"ListItem\",\"position\":1,\"name\":\"Domovsk\u00e1 str\u00e1nka\",\"item\":\"https:\\\/\\\/www.poledance.sk\\\/\"},{\"@type\":\"ListItem\",\"position\":2,\"name\":\"Pole dance je tvrd\u00fd a n\u00e1ro\u010dn\u00fd \u0161port, v\u00fdh\u013eadovo olympijsk\u00fd. Nie je to stript\u00edz.\"}]},{\"@type\":\"WebSite\",\"@id\":\"https:\\\/\\\/www.poledance.sk\\\/#website\",\"url\":\"https:\\\/\\\/www.poledance.sk\\\/\",\"name\":\"www.poledance.sk\",\"description\":\"V\u0161etko, \u010do chce\u0161 vedie\u0165 o pole dance\",\"publisher\":{\"@id\":\"https:\\\/\\\/www.poledance.sk\\\/#organization\"},\"alternateName\":\"pole dance slovensko v\u0161etko \u010do chce\u0161 vedie\u0165 o pole dance\",\"potentialAction\":[{\"@type\":\"SearchAction\",\"target\":{\"@type\":\"EntryPoint\",\"urlTemplate\":\"https:\\\/\\\/www.poledance.sk\\\/?s={search_term_string}\"},\"query-input\":{\"@type\":\"PropertyValueSpecification\",\"valueRequired\":true,\"valueName\":\"search_term_string\"}}],\"inLanguage\":\"sk-SK\"},{\"@type\":\"Organization\",\"@id\":\"https:\\\/\\\/www.poledance.sk\\\/#organization\",\"name\":\"Pole Dance\",\"url\":\"https:\\\/\\\/www.poledance.sk\\\/\",\"logo\":{\"@type\":\"ImageObject\",\"inLanguage\":\"sk-SK\",\"@id\":\"https:\\\/\\\/www.poledance.sk\\\/#\\\/schema\\\/logo\\\/image\\\/\",\"url\":\"https:\\\/\\\/www.poledance.sk\\\/wp-content\\\/uploads\\\/2024\\\/02\\\/cropped-logo-Micka-Pole-Slovensko.png\",\"contentUrl\":\"https:\\\/\\\/www.poledance.sk\\\/wp-content\\\/uploads\\\/2024\\\/02\\\/cropped-logo-Micka-Pole-Slovensko.png\",\"width\":512,\"height\":512,\"caption\":\"Pole Dance\"},\"image\":{\"@id\":\"https:\\\/\\\/www.poledance.sk\\\/#\\\/schema\\\/logo\\\/image\\\/\"},\"sameAs\":[\"https:\\\/\\\/www.facebook.com\\\/mickapoleslovensko\",\"https:\\\/\\\/www.instagram.com\\\/micka_pole_slovensko\\\/\"]}]}<\/script>\n<!-- \/ Yoast SEO plugin. -->","yoast_head_json":{"title":"Pole dance je tvrd\u00fd a n\u00e1ro\u010dn\u00fd \u0161port, v\u00fdh\u013eadovo olympijsk\u00fd.","description":"Pole Dance je nov\u00fd a modern\u00fd \u0161port, ktor\u00fd v sebe sp\u00e1ja prvky fitnes cvi\u010denia a tanca na ty\u010di kombinuje tanec a akrobaciu zameran\u00fa na vertik\u00e1lnu ty\u010d","robots":{"index":"index","follow":"follow","max-snippet":"max-snippet:-1","max-image-preview":"max-image-preview:large","max-video-preview":"max-video-preview:-1"},"canonical":"https:\/\/www.poledance.sk\/index.php\/pole-dance-je-tvrdy-a-narocny-sport-vyhladovo-olympijsky-nie-je-to-striptiz\/","og_locale":"sk_SK","og_type":"article","og_title":"Pole dance je tvrd\u00fd a n\u00e1ro\u010dn\u00fd \u0161port, v\u00fdh\u013eadovo olympijsk\u00fd.","og_description":"Pole Dance je nov\u00fd a modern\u00fd \u0161port, ktor\u00fd v sebe sp\u00e1ja prvky fitnes cvi\u010denia a tanca na ty\u010di kombinuje tanec a akrobaciu zameran\u00fa na vertik\u00e1lnu ty\u010d","og_url":"https:\/\/www.poledance.sk\/index.php\/pole-dance-je-tvrdy-a-narocny-sport-vyhladovo-olympijsky-nie-je-to-striptiz\/","og_site_name":"www.poledance.sk","article_publisher":"https:\/\/www.facebook.com\/mickapoleslovensko","article_modified_time":"2025-07-27T14:14:54+00:00","og_image":[{"width":2560,"height":1707,"url":"https:\/\/www.poledance.sk\/wp-content\/uploads\/2024\/02\/pexels-poleplace-online-poledance-studio-17286941-scaled.jpg","type":"image\/jpeg"}],"twitter_card":"summary_large_image","twitter_misc":{"Predpokladan\u00fd \u010das \u010d\u00edtania":"3 min\u00faty"},"schema":{"@context":"https:\/\/schema.org","@graph":[{"@type":"WebPage","@id":"https:\/\/www.poledance.sk\/index.php\/pole-dance-je-tvrdy-a-narocny-sport-vyhladovo-olympijsky-nie-je-to-striptiz\/","url":"https:\/\/www.poledance.sk\/index.php\/pole-dance-je-tvrdy-a-narocny-sport-vyhladovo-olympijsky-nie-je-to-striptiz\/","name":"Pole dance je tvrd\u00fd a n\u00e1ro\u010dn\u00fd \u0161port, v\u00fdh\u013eadovo olympijsk\u00fd.","isPartOf":{"@id":"https:\/\/www.poledance.sk\/#website"},"primaryImageOfPage":{"@id":"https:\/\/www.poledance.sk\/index.php\/pole-dance-je-tvrdy-a-narocny-sport-vyhladovo-olympijsky-nie-je-to-striptiz\/#primaryimage"},"image":{"@id":"https:\/\/www.poledance.sk\/index.php\/pole-dance-je-tvrdy-a-narocny-sport-vyhladovo-olympijsky-nie-je-to-striptiz\/#primaryimage"},"thumbnailUrl":"https:\/\/www.poledance.sk\/wp-content\/uploads\/2024\/02\/pexels-poleplace-online-poledance-studio-17286941-scaled.jpg","datePublished":"2024-02-28T16:34:02+00:00","dateModified":"2025-07-27T14:14:54+00:00","description":"Pole Dance je nov\u00fd a modern\u00fd \u0161port, ktor\u00fd v sebe sp\u00e1ja prvky fitnes cvi\u010denia a tanca na ty\u010di kombinuje tanec a akrobaciu zameran\u00fa na vertik\u00e1lnu ty\u010d","breadcrumb":{"@id":"https:\/\/www.poledance.sk\/index.php\/pole-dance-je-tvrdy-a-narocny-sport-vyhladovo-olympijsky-nie-je-to-striptiz\/#breadcrumb"},"inLanguage":"sk-SK","potentialAction":[{"@type":"ReadAction","target":["https:\/\/www.poledance.sk\/index.php\/pole-dance-je-tvrdy-a-narocny-sport-vyhladovo-olympijsky-nie-je-to-striptiz\/"]}]},{"@type":"ImageObject","inLanguage":"sk-SK","@id":"https:\/\/www.poledance.sk\/index.php\/pole-dance-je-tvrdy-a-narocny-sport-vyhladovo-olympijsky-nie-je-to-striptiz\/#primaryimage","url":"https:\/\/www.poledance.sk\/wp-content\/uploads\/2024\/02\/pexels-poleplace-online-poledance-studio-17286941-scaled.jpg","contentUrl":"https:\/\/www.poledance.sk\/wp-content\/uploads\/2024\/02\/pexels-poleplace-online-poledance-studio-17286941-scaled.jpg","width":2560,"height":1707,"caption":"https:\/\/poleplace.com\/"},{"@type":"BreadcrumbList","@id":"https:\/\/www.poledance.sk\/index.php\/pole-dance-je-tvrdy-a-narocny-sport-vyhladovo-olympijsky-nie-je-to-striptiz\/#breadcrumb","itemListElement":[{"@type":"ListItem","position":1,"name":"Domovsk\u00e1 str\u00e1nka","item":"https:\/\/www.poledance.sk\/"},{"@type":"ListItem","position":2,"name":"Pole dance je tvrd\u00fd a n\u00e1ro\u010dn\u00fd \u0161port, v\u00fdh\u013eadovo olympijsk\u00fd. Nie je to stript\u00edz."}]},{"@type":"WebSite","@id":"https:\/\/www.poledance.sk\/#website","url":"https:\/\/www.poledance.sk\/","name":"www.poledance.sk","description":"V\u0161etko, \u010do chce\u0161 vedie\u0165 o pole dance","publisher":{"@id":"https:\/\/www.poledance.sk\/#organization"},"alternateName":"pole dance slovensko v\u0161etko \u010do chce\u0161 vedie\u0165 o pole dance","potentialAction":[{"@type":"SearchAction","target":{"@type":"EntryPoint","urlTemplate":"https:\/\/www.poledance.sk\/?s={search_term_string}"},"query-input":{"@type":"PropertyValueSpecification","valueRequired":true,"valueName":"search_term_string"}}],"inLanguage":"sk-SK"},{"@type":"Organization","@id":"https:\/\/www.poledance.sk\/#organization","name":"Pole Dance","url":"https:\/\/www.poledance.sk\/","logo":{"@type":"ImageObject","inLanguage":"sk-SK","@id":"https:\/\/www.poledance.sk\/#\/schema\/logo\/image\/","url":"https:\/\/www.poledance.sk\/wp-content\/uploads\/2024\/02\/cropped-logo-Micka-Pole-Slovensko.png","contentUrl":"https:\/\/www.poledance.sk\/wp-content\/uploads\/2024\/02\/cropped-logo-Micka-Pole-Slovensko.png","width":512,"height":512,"caption":"Pole Dance"},"image":{"@id":"https:\/\/www.poledance.sk\/#\/schema\/logo\/image\/"},"sameAs":["https:\/\/www.facebook.com\/mickapoleslovensko","https:\/\/www.instagram.com\/micka_pole_slovensko\/"]}]}},"_links":{"self":[{"href":"https:\/\/www.poledance.sk\/index.php\/wp-json\/wp\/v2\/pages\/12","targetHints":{"allow":["GET"]}}],"collection":[{"href":"https:\/\/www.poledance.sk\/index.php\/wp-json\/wp\/v2\/pages"}],"about":[{"href":"https:\/\/www.poledance.sk\/index.php\/wp-json\/wp\/v2\/types\/page"}],"author":[{"embeddable":true,"href":"https:\/\/www.poledance.sk\/index.php\/wp-json\/wp\/v2\/users\/1"}],"replies":[{"embeddable":true,"href":"https:\/\/www.poledance.sk\/index.php\/wp-json\/wp\/v2\/comments?post=12"}],"version-history":[{"count":10,"href":"https:\/\/www.poledance.sk\/index.php\/wp-json\/wp\/v2\/pages\/12\/revisions"}],"predecessor-version":[{"id":813,"href":"https:\/\/www.poledance.sk\/index.php\/wp-json\/wp\/v2\/pages\/12\/revisions\/813"}],"wp:featuredmedia":[{"embeddable":true,"href":"https:\/\/www.poledance.sk\/index.php\/wp-json\/wp\/v2\/media\/25"}],"wp:attachment":[{"href":"https:\/\/www.poledance.sk\/index.php\/wp-json\/wp\/v2\/media?parent=12"}],"curies":[{"name":"wp","href":"https:\/\/api.w.org\/{rel}","templated":true}]}}