{"id":175,"date":"2024-03-25T20:54:53","date_gmt":"2024-03-25T19:54:53","guid":{"rendered":"https:\/\/www.poledance.sk\/?page_id=175"},"modified":"2025-04-21T09:43:57","modified_gmt":"2025-04-21T07:43:57","slug":"pole-dance-slovensko-kontaktne-udaje-napiste-nam","status":"publish","type":"page","link":"https:\/\/www.poledance.sk\/index.php\/pole-dance-slovensko-kontaktne-udaje-napiste-nam\/","title":{"rendered":"Kontakt"},"content":{"rendered":"\t\t<div data-elementor-type=\"wp-page\" data-elementor-id=\"175\" class=\"elementor elementor-175\">\n\t\t\t\t<div class=\"elementor-element elementor-element-120497b e-flex e-con-boxed e-con e-parent\" data-id=\"120497b\" data-element_type=\"container\" data-e-type=\"container\">\n\t\t\t\t\t<div class=\"e-con-inner\">\n\t\t\t\t<div class=\"elementor-element elementor-element-97081ae elementor-widget elementor-widget-text-editor\" data-id=\"97081ae\" data-element_type=\"widget\" data-e-type=\"widget\" data-widget_type=\"text-editor.default\">\n\t\t\t\t<div class=\"elementor-widget-container\">\n\t\t\t\t\t\t\t\t\t<h5><strong>Prev\u00e1dzkovate\u013e str\u00e1nky<\/strong><\/h5><p>Miroslava \u010c\u00ed\u017ekov\u00e1 MICKA BRAND<\/p><p>Rosinsk\u00e1 8543\/34B, 01008 \u017dilina<\/p>\t\t\t\t\t\t\t\t<\/div>\n\t\t\t\t<\/div>\n\t\t\t\t\t<\/div>\n\t\t\t\t<\/div>\n\t\t<div class=\"elementor-element elementor-element-cdbb788 e-flex e-con-boxed e-con e-parent\" data-id=\"cdbb788\" data-element_type=\"container\" data-e-type=\"container\">\n\t\t\t\t\t<div class=\"e-con-inner\">\n\t\t\t\t<div class=\"elementor-element elementor-element-4d203ca elementor-align-center elementor-button-info elementor-widget elementor-widget-button\" data-id=\"4d203ca\" data-element_type=\"widget\" data-e-type=\"widget\" data-widget_type=\"button.default\">\n\t\t\t\t<div class=\"elementor-widget-container\">\n\t\t\t\t\t\t\t\t\t<div class=\"elementor-button-wrapper\">\n\t\t\t\t\t<a class=\"elementor-button elementor-button-link elementor-size-sm\" href=\"https:\/\/www.poledance.sk\/index.php\/napiste-nam\/\" target=\"_blank\">\n\t\t\t\t\t\t<span class=\"elementor-button-content-wrapper\">\n\t\t\t\t\t\t\t\t\t<span class=\"elementor-button-text\">Kontaktn\u00fd formul\u00e1r<\/span>\n\t\t\t\t\t<\/span>\n\t\t\t\t\t<\/a>\n\t\t\t\t<\/div>\n\t\t\t\t\t\t\t\t<\/div>\n\t\t\t\t<\/div>\n\t\t\t\t\t<\/div>\n\t\t\t\t<\/div>\n\t\t<div class=\"elementor-element elementor-element-fa03a2d e-flex e-con-boxed e-con e-parent\" data-id=\"fa03a2d\" data-element_type=\"container\" data-e-type=\"container\">\n\t\t\t\t\t<div class=\"e-con-inner\">\n\t\t\t\t<div class=\"elementor-element elementor-element-1d5ca0e elementor-align-center elementor-widget elementor-widget-button\" data-id=\"1d5ca0e\" data-element_type=\"widget\" data-e-type=\"widget\" data-widget_type=\"button.default\">\n\t\t\t\t<div class=\"elementor-widget-container\">\n\t\t\t\t\t\t\t\t\t<div class=\"elementor-button-wrapper\">\n\t\t\t\t\t<a class=\"elementor-button elementor-button-link elementor-size-sm\" href=\"https:\/\/www.facebook.com\/mickapoleslovensko\" target=\"_blank\">\n\t\t\t\t\t\t<span class=\"elementor-button-content-wrapper\">\n\t\t\t\t\t\t\t\t\t<span class=\"elementor-button-text\">\"Uk\u00e1\u017e, \u017ee si pole dancerka \u2013 origin\u00e1lny slovensk\u00fd merch pre tvoju v\u00e1\u0161e\u0148.\"<\/span>\n\t\t\t\t\t<\/span>\n\t\t\t\t\t<\/a>\n\t\t\t\t<\/div>\n\t\t\t\t\t\t\t\t<\/div>\n\t\t\t\t<\/div>\n\t\t\t\t\t<\/div>\n\t\t\t\t<\/div>\n\t\t<div class=\"elementor-element elementor-element-0fe7490 e-grid e-con-boxed e-con e-parent\" data-id=\"0fe7490\" data-element_type=\"container\" data-e-type=\"container\">\n\t\t\t\t\t<div class=\"e-con-inner\">\n\t\t\t\t<div class=\"elementor-element elementor-element-4b87d65 elementor-widget elementor-widget-image\" data-id=\"4b87d65\" data-element_type=\"widget\" data-e-type=\"widget\" data-widget_type=\"image.default\">\n\t\t\t\t<div class=\"elementor-widget-container\">\n\t\t\t\t\t\t\t\t\t\t\t\t<figure class=\"wp-caption\">\n\t\t\t\t\t\t\t\t\t\t<img fetchpriority=\"high\" decoding=\"async\" width=\"768\" height=\"1024\" src=\"https:\/\/www.poledance.sk\/wp-content\/uploads\/2025\/04\/tielko-modre-2-POLE-DANCE-stara-polerina-768x1024.png\" class=\"attachment-large size-large wp-image-603\" alt=\"\" srcset=\"https:\/\/www.poledance.sk\/wp-content\/uploads\/2025\/04\/tielko-modre-2-POLE-DANCE-stara-polerina-768x1024.png 768w, https:\/\/www.poledance.sk\/wp-content\/uploads\/2025\/04\/tielko-modre-2-POLE-DANCE-stara-polerina-225x300.png 225w, https:\/\/www.poledance.sk\/wp-content\/uploads\/2025\/04\/tielko-modre-2-POLE-DANCE-stara-polerina-1152x1536.png 1152w, https:\/\/www.poledance.sk\/wp-content\/uploads\/2025\/04\/tielko-modre-2-POLE-DANCE-stara-polerina-1537x2048.png 1537w, https:\/\/www.poledance.sk\/wp-content\/uploads\/2025\/04\/tielko-modre-2-POLE-DANCE-stara-polerina-1000x1333.png 1000w, https:\/\/www.poledance.sk\/wp-content\/uploads\/2025\/04\/tielko-modre-2-POLE-DANCE-stara-polerina-230x307.png 230w, https:\/\/www.poledance.sk\/wp-content\/uploads\/2025\/04\/tielko-modre-2-POLE-DANCE-stara-polerina-350x466.png 350w, https:\/\/www.poledance.sk\/wp-content\/uploads\/2025\/04\/tielko-modre-2-POLE-DANCE-stara-polerina-480x640.png 480w\" sizes=\"(max-width: 768px) 100vw, 768px\" \/>\t\t\t\t\t\t\t\t\t\t\t<figcaption class=\"widget-image-caption wp-caption-text\">Tielko \"POLE DANCE\"<\/figcaption>\n\t\t\t\t\t\t\t\t\t\t<\/figure>\n\t\t\t\t\t\t\t\t\t<\/div>\n\t\t\t\t<\/div>\n\t\t\t\t<div class=\"elementor-element elementor-element-dbea63f elementor-widget elementor-widget-image\" data-id=\"dbea63f\" data-element_type=\"widget\" data-e-type=\"widget\" data-widget_type=\"image.default\">\n\t\t\t\t<div class=\"elementor-widget-container\">\n\t\t\t\t\t\t\t\t\t\t\t\t<figure class=\"wp-caption\">\n\t\t\t\t\t\t\t\t\t\t<img decoding=\"async\" width=\"768\" height=\"1024\" src=\"https:\/\/www.poledance.sk\/wp-content\/uploads\/2025\/04\/tielko-biele-2-POLE-DANCE-stara-polerina-768x1024.png\" class=\"attachment-large size-large wp-image-601\" alt=\"\" srcset=\"https:\/\/www.poledance.sk\/wp-content\/uploads\/2025\/04\/tielko-biele-2-POLE-DANCE-stara-polerina-768x1024.png 768w, https:\/\/www.poledance.sk\/wp-content\/uploads\/2025\/04\/tielko-biele-2-POLE-DANCE-stara-polerina-225x300.png 225w, https:\/\/www.poledance.sk\/wp-content\/uploads\/2025\/04\/tielko-biele-2-POLE-DANCE-stara-polerina-1152x1536.png 1152w, https:\/\/www.poledance.sk\/wp-content\/uploads\/2025\/04\/tielko-biele-2-POLE-DANCE-stara-polerina-1537x2048.png 1537w, https:\/\/www.poledance.sk\/wp-content\/uploads\/2025\/04\/tielko-biele-2-POLE-DANCE-stara-polerina-1000x1333.png 1000w, https:\/\/www.poledance.sk\/wp-content\/uploads\/2025\/04\/tielko-biele-2-POLE-DANCE-stara-polerina-230x307.png 230w, https:\/\/www.poledance.sk\/wp-content\/uploads\/2025\/04\/tielko-biele-2-POLE-DANCE-stara-polerina-350x466.png 350w, https:\/\/www.poledance.sk\/wp-content\/uploads\/2025\/04\/tielko-biele-2-POLE-DANCE-stara-polerina-480x640.png 480w\" sizes=\"(max-width: 768px) 100vw, 768px\" \/>\t\t\t\t\t\t\t\t\t\t\t<figcaption class=\"widget-image-caption wp-caption-text\">Tielko \"POLE DANCE\"<\/figcaption>\n\t\t\t\t\t\t\t\t\t\t<\/figure>\n\t\t\t\t\t\t\t\t\t<\/div>\n\t\t\t\t<\/div>\n\t\t\t\t<div class=\"elementor-element elementor-element-1152663 elementor-widget elementor-widget-image\" data-id=\"1152663\" data-element_type=\"widget\" data-e-type=\"widget\" data-widget_type=\"image.default\">\n\t\t\t\t<div class=\"elementor-widget-container\">\n\t\t\t\t\t\t\t\t\t\t\t\t<figure class=\"wp-caption\">\n\t\t\t\t\t\t\t\t\t\t<img decoding=\"async\" width=\"768\" height=\"1024\" src=\"https:\/\/www.poledance.sk\/wp-content\/uploads\/2025\/04\/tielko-cierne-2-POLE-DANCE-stara-polerina-768x1024.png\" class=\"attachment-large size-large wp-image-602\" alt=\"\" srcset=\"https:\/\/www.poledance.sk\/wp-content\/uploads\/2025\/04\/tielko-cierne-2-POLE-DANCE-stara-polerina-768x1024.png 768w, https:\/\/www.poledance.sk\/wp-content\/uploads\/2025\/04\/tielko-cierne-2-POLE-DANCE-stara-polerina-225x300.png 225w, https:\/\/www.poledance.sk\/wp-content\/uploads\/2025\/04\/tielko-cierne-2-POLE-DANCE-stara-polerina-1152x1536.png 1152w, https:\/\/www.poledance.sk\/wp-content\/uploads\/2025\/04\/tielko-cierne-2-POLE-DANCE-stara-polerina-1537x2048.png 1537w, https:\/\/www.poledance.sk\/wp-content\/uploads\/2025\/04\/tielko-cierne-2-POLE-DANCE-stara-polerina-1000x1333.png 1000w, https:\/\/www.poledance.sk\/wp-content\/uploads\/2025\/04\/tielko-cierne-2-POLE-DANCE-stara-polerina-230x307.png 230w, https:\/\/www.poledance.sk\/wp-content\/uploads\/2025\/04\/tielko-cierne-2-POLE-DANCE-stara-polerina-350x466.png 350w, https:\/\/www.poledance.sk\/wp-content\/uploads\/2025\/04\/tielko-cierne-2-POLE-DANCE-stara-polerina-480x640.png 480w\" sizes=\"(max-width: 768px) 100vw, 768px\" \/>\t\t\t\t\t\t\t\t\t\t\t<figcaption class=\"widget-image-caption wp-caption-text\">Tielko \"POLE DANCE\"<\/figcaption>\n\t\t\t\t\t\t\t\t\t\t<\/figure>\n\t\t\t\t\t\t\t\t\t<\/div>\n\t\t\t\t<\/div>\n\t\t\t\t\t<\/div>\n\t\t\t\t<\/div>\n\t\t<div class=\"elementor-element elementor-element-e505884 e-flex e-con-boxed e-con e-parent\" data-id=\"e505884\" data-element_type=\"container\" data-e-type=\"container\">\n\t\t\t\t\t<div class=\"e-con-inner\">\n\t\t\t\t<div class=\"elementor-element elementor-element-49f7627 elementor-button-info elementor-align-center elementor-widget elementor-widget-button\" data-id=\"49f7627\" data-element_type=\"widget\" data-e-type=\"widget\" data-widget_type=\"button.default\">\n\t\t\t\t<div class=\"elementor-widget-container\">\n\t\t\t\t\t\t\t\t\t<div class=\"elementor-button-wrapper\">\n\t\t\t\t\t<a class=\"elementor-button elementor-button-link elementor-size-sm\" href=\"https:\/\/www.facebook.com\/mickapoleslovensko\" target=\"_blank\">\n\t\t\t\t\t\t<span class=\"elementor-button-content-wrapper\">\n\t\t\t\t\t\t\t\t\t<span class=\"elementor-button-text\">Micka Pole Slovensko   Origin\u00e1lny merch pre pole dancerky<\/span>\n\t\t\t\t\t<\/span>\n\t\t\t\t\t<\/a>\n\t\t\t\t<\/div>\n\t\t\t\t\t\t\t\t<\/div>\n\t\t\t\t<\/div>\n\t\t\t\t\t<\/div>\n\t\t\t\t<\/div>\n\t\t\t\t<\/div>\n\t\t","protected":false},"excerpt":{"rendered":"<p>Prev\u00e1dzkovate\u013e str\u00e1nky Miroslava \u010c\u00ed\u017ekov\u00e1 MICKA BRAND Rosinsk\u00e1 8543\/34B, 01008 \u017dilina Kontaktn\u00fd formul\u00e1r &#8222;Uk\u00e1\u017e, \u017ee si pole dancerka \u2013 origin\u00e1lny slovensk\u00fd merch pre [&hellip;]<\/p>\n","protected":false},"author":1,"featured_media":0,"parent":0,"menu_order":0,"comment_status":"closed","ping_status":"closed","template":"","meta":{"_uf_show_specific_survey":0,"_uf_disable_surveys":false,"footnotes":""},"class_list":["post-175","page","type-page","status-publish","hentry"],"yoast_head":"<!-- This site is optimized with the Yoast SEO plugin v27.5 - https:\/\/yoast.com\/product\/yoast-seo-wordpress\/ -->\n<title>Kontakt | www.poledance.sk<\/title>\n<meta name=\"description\" content=\"pole dance slovensko kontaktne udaje napiste nam\" \/>\n<meta name=\"robots\" content=\"index, follow, max-snippet:-1, max-image-preview:large, max-video-preview:-1\" \/>\n<link rel=\"canonical\" href=\"https:\/\/www.poledance.sk\/index.php\/pole-dance-slovensko-kontaktne-udaje-napiste-nam\/\" \/>\n<meta property=\"og:locale\" content=\"sk_SK\" \/>\n<meta property=\"og:type\" content=\"article\" \/>\n<meta property=\"og:title\" content=\"Kontakt | www.poledance.sk\" \/>\n<meta property=\"og:description\" content=\"pole dance slovensko kontaktne udaje napiste nam\" \/>\n<meta property=\"og:url\" content=\"https:\/\/www.poledance.sk\/index.php\/pole-dance-slovensko-kontaktne-udaje-napiste-nam\/\" \/>\n<meta property=\"og:site_name\" content=\"www.poledance.sk\" \/>\n<meta property=\"article:publisher\" content=\"https:\/\/www.facebook.com\/mickapoleslovensko\" \/>\n<meta property=\"article:modified_time\" content=\"2025-04-21T07:43:57+00:00\" \/>\n<meta property=\"og:image\" content=\"https:\/\/www.poledance.sk\/wp-content\/uploads\/2025\/04\/tielko-modre-2-POLE-DANCE-stara-polerina-768x1024.png\" \/>\n\t<meta property=\"og:image:width\" content=\"768\" \/>\n\t<meta property=\"og:image:height\" content=\"1024\" \/>\n\t<meta property=\"og:image:type\" content=\"image\/png\" \/>\n<meta name=\"twitter:card\" content=\"summary_large_image\" \/>\n<meta name=\"twitter:label1\" content=\"Predpokladan\u00fd \u010das \u010d\u00edtania\" \/>\n\t<meta name=\"twitter:data1\" content=\"1 min\u00fata\" \/>\n<script type=\"application\/ld+json\" class=\"yoast-schema-graph\">{\"@context\":\"https:\\\/\\\/schema.org\",\"@graph\":[{\"@type\":\"WebPage\",\"@id\":\"https:\\\/\\\/www.poledance.sk\\\/index.php\\\/pole-dance-slovensko-kontaktne-udaje-napiste-nam\\\/\",\"url\":\"https:\\\/\\\/www.poledance.sk\\\/index.php\\\/pole-dance-slovensko-kontaktne-udaje-napiste-nam\\\/\",\"name\":\"Kontakt | www.poledance.sk\",\"isPartOf\":{\"@id\":\"https:\\\/\\\/www.poledance.sk\\\/#website\"},\"primaryImageOfPage\":{\"@id\":\"https:\\\/\\\/www.poledance.sk\\\/index.php\\\/pole-dance-slovensko-kontaktne-udaje-napiste-nam\\\/#primaryimage\"},\"image\":{\"@id\":\"https:\\\/\\\/www.poledance.sk\\\/index.php\\\/pole-dance-slovensko-kontaktne-udaje-napiste-nam\\\/#primaryimage\"},\"thumbnailUrl\":\"https:\\\/\\\/www.poledance.sk\\\/wp-content\\\/uploads\\\/2025\\\/04\\\/tielko-modre-2-POLE-DANCE-stara-polerina-768x1024.png\",\"datePublished\":\"2024-03-25T19:54:53+00:00\",\"dateModified\":\"2025-04-21T07:43:57+00:00\",\"description\":\"pole dance slovensko kontaktne udaje napiste nam\",\"breadcrumb\":{\"@id\":\"https:\\\/\\\/www.poledance.sk\\\/index.php\\\/pole-dance-slovensko-kontaktne-udaje-napiste-nam\\\/#breadcrumb\"},\"inLanguage\":\"sk-SK\",\"potentialAction\":[{\"@type\":\"ReadAction\",\"target\":[\"https:\\\/\\\/www.poledance.sk\\\/index.php\\\/pole-dance-slovensko-kontaktne-udaje-napiste-nam\\\/\"]}]},{\"@type\":\"ImageObject\",\"inLanguage\":\"sk-SK\",\"@id\":\"https:\\\/\\\/www.poledance.sk\\\/index.php\\\/pole-dance-slovensko-kontaktne-udaje-napiste-nam\\\/#primaryimage\",\"url\":\"https:\\\/\\\/www.poledance.sk\\\/wp-content\\\/uploads\\\/2025\\\/04\\\/tielko-modre-2-POLE-DANCE-stara-polerina.png\",\"contentUrl\":\"https:\\\/\\\/www.poledance.sk\\\/wp-content\\\/uploads\\\/2025\\\/04\\\/tielko-modre-2-POLE-DANCE-stara-polerina.png\",\"width\":2422,\"height\":3228,\"caption\":\"Tielko \\\"POLE DANCE\\\"\"},{\"@type\":\"BreadcrumbList\",\"@id\":\"https:\\\/\\\/www.poledance.sk\\\/index.php\\\/pole-dance-slovensko-kontaktne-udaje-napiste-nam\\\/#breadcrumb\",\"itemListElement\":[{\"@type\":\"ListItem\",\"position\":1,\"name\":\"Domovsk\u00e1 str\u00e1nka\",\"item\":\"https:\\\/\\\/www.poledance.sk\\\/\"},{\"@type\":\"ListItem\",\"position\":2,\"name\":\"Kontakt\"}]},{\"@type\":\"WebSite\",\"@id\":\"https:\\\/\\\/www.poledance.sk\\\/#website\",\"url\":\"https:\\\/\\\/www.poledance.sk\\\/\",\"name\":\"www.poledance.sk\",\"description\":\"V\u0161etko, \u010do chce\u0161 vedie\u0165 o pole dance\",\"publisher\":{\"@id\":\"https:\\\/\\\/www.poledance.sk\\\/#organization\"},\"alternateName\":\"pole dance slovensko v\u0161etko \u010do chce\u0161 vedie\u0165 o pole dance\",\"potentialAction\":[{\"@type\":\"SearchAction\",\"target\":{\"@type\":\"EntryPoint\",\"urlTemplate\":\"https:\\\/\\\/www.poledance.sk\\\/?s={search_term_string}\"},\"query-input\":{\"@type\":\"PropertyValueSpecification\",\"valueRequired\":true,\"valueName\":\"search_term_string\"}}],\"inLanguage\":\"sk-SK\"},{\"@type\":\"Organization\",\"@id\":\"https:\\\/\\\/www.poledance.sk\\\/#organization\",\"name\":\"Pole Dance\",\"url\":\"https:\\\/\\\/www.poledance.sk\\\/\",\"logo\":{\"@type\":\"ImageObject\",\"inLanguage\":\"sk-SK\",\"@id\":\"https:\\\/\\\/www.poledance.sk\\\/#\\\/schema\\\/logo\\\/image\\\/\",\"url\":\"https:\\\/\\\/www.poledance.sk\\\/wp-content\\\/uploads\\\/2024\\\/02\\\/cropped-logo-Micka-Pole-Slovensko.png\",\"contentUrl\":\"https:\\\/\\\/www.poledance.sk\\\/wp-content\\\/uploads\\\/2024\\\/02\\\/cropped-logo-Micka-Pole-Slovensko.png\",\"width\":512,\"height\":512,\"caption\":\"Pole Dance\"},\"image\":{\"@id\":\"https:\\\/\\\/www.poledance.sk\\\/#\\\/schema\\\/logo\\\/image\\\/\"},\"sameAs\":[\"https:\\\/\\\/www.facebook.com\\\/mickapoleslovensko\",\"https:\\\/\\\/www.instagram.com\\\/micka_pole_slovensko\\\/\"]}]}<\/script>\n<!-- \/ Yoast SEO plugin. -->","yoast_head_json":{"title":"Kontakt | www.poledance.sk","description":"pole dance slovensko kontaktne udaje napiste nam","robots":{"index":"index","follow":"follow","max-snippet":"max-snippet:-1","max-image-preview":"max-image-preview:large","max-video-preview":"max-video-preview:-1"},"canonical":"https:\/\/www.poledance.sk\/index.php\/pole-dance-slovensko-kontaktne-udaje-napiste-nam\/","og_locale":"sk_SK","og_type":"article","og_title":"Kontakt | www.poledance.sk","og_description":"pole dance slovensko kontaktne udaje napiste nam","og_url":"https:\/\/www.poledance.sk\/index.php\/pole-dance-slovensko-kontaktne-udaje-napiste-nam\/","og_site_name":"www.poledance.sk","article_publisher":"https:\/\/www.facebook.com\/mickapoleslovensko","article_modified_time":"2025-04-21T07:43:57+00:00","og_image":[{"width":768,"height":1024,"url":"https:\/\/www.poledance.sk\/wp-content\/uploads\/2025\/04\/tielko-modre-2-POLE-DANCE-stara-polerina-768x1024.png","type":"image\/png"}],"twitter_card":"summary_large_image","twitter_misc":{"Predpokladan\u00fd \u010das \u010d\u00edtania":"1 min\u00fata"},"schema":{"@context":"https:\/\/schema.org","@graph":[{"@type":"WebPage","@id":"https:\/\/www.poledance.sk\/index.php\/pole-dance-slovensko-kontaktne-udaje-napiste-nam\/","url":"https:\/\/www.poledance.sk\/index.php\/pole-dance-slovensko-kontaktne-udaje-napiste-nam\/","name":"Kontakt | www.poledance.sk","isPartOf":{"@id":"https:\/\/www.poledance.sk\/#website"},"primaryImageOfPage":{"@id":"https:\/\/www.poledance.sk\/index.php\/pole-dance-slovensko-kontaktne-udaje-napiste-nam\/#primaryimage"},"image":{"@id":"https:\/\/www.poledance.sk\/index.php\/pole-dance-slovensko-kontaktne-udaje-napiste-nam\/#primaryimage"},"thumbnailUrl":"https:\/\/www.poledance.sk\/wp-content\/uploads\/2025\/04\/tielko-modre-2-POLE-DANCE-stara-polerina-768x1024.png","datePublished":"2024-03-25T19:54:53+00:00","dateModified":"2025-04-21T07:43:57+00:00","description":"pole dance slovensko kontaktne udaje napiste nam","breadcrumb":{"@id":"https:\/\/www.poledance.sk\/index.php\/pole-dance-slovensko-kontaktne-udaje-napiste-nam\/#breadcrumb"},"inLanguage":"sk-SK","potentialAction":[{"@type":"ReadAction","target":["https:\/\/www.poledance.sk\/index.php\/pole-dance-slovensko-kontaktne-udaje-napiste-nam\/"]}]},{"@type":"ImageObject","inLanguage":"sk-SK","@id":"https:\/\/www.poledance.sk\/index.php\/pole-dance-slovensko-kontaktne-udaje-napiste-nam\/#primaryimage","url":"https:\/\/www.poledance.sk\/wp-content\/uploads\/2025\/04\/tielko-modre-2-POLE-DANCE-stara-polerina.png","contentUrl":"https:\/\/www.poledance.sk\/wp-content\/uploads\/2025\/04\/tielko-modre-2-POLE-DANCE-stara-polerina.png","width":2422,"height":3228,"caption":"Tielko \"POLE DANCE\""},{"@type":"BreadcrumbList","@id":"https:\/\/www.poledance.sk\/index.php\/pole-dance-slovensko-kontaktne-udaje-napiste-nam\/#breadcrumb","itemListElement":[{"@type":"ListItem","position":1,"name":"Domovsk\u00e1 str\u00e1nka","item":"https:\/\/www.poledance.sk\/"},{"@type":"ListItem","position":2,"name":"Kontakt"}]},{"@type":"WebSite","@id":"https:\/\/www.poledance.sk\/#website","url":"https:\/\/www.poledance.sk\/","name":"www.poledance.sk","description":"V\u0161etko, \u010do chce\u0161 vedie\u0165 o pole dance","publisher":{"@id":"https:\/\/www.poledance.sk\/#organization"},"alternateName":"pole dance slovensko v\u0161etko \u010do chce\u0161 vedie\u0165 o pole dance","potentialAction":[{"@type":"SearchAction","target":{"@type":"EntryPoint","urlTemplate":"https:\/\/www.poledance.sk\/?s={search_term_string}"},"query-input":{"@type":"PropertyValueSpecification","valueRequired":true,"valueName":"search_term_string"}}],"inLanguage":"sk-SK"},{"@type":"Organization","@id":"https:\/\/www.poledance.sk\/#organization","name":"Pole Dance","url":"https:\/\/www.poledance.sk\/","logo":{"@type":"ImageObject","inLanguage":"sk-SK","@id":"https:\/\/www.poledance.sk\/#\/schema\/logo\/image\/","url":"https:\/\/www.poledance.sk\/wp-content\/uploads\/2024\/02\/cropped-logo-Micka-Pole-Slovensko.png","contentUrl":"https:\/\/www.poledance.sk\/wp-content\/uploads\/2024\/02\/cropped-logo-Micka-Pole-Slovensko.png","width":512,"height":512,"caption":"Pole Dance"},"image":{"@id":"https:\/\/www.poledance.sk\/#\/schema\/logo\/image\/"},"sameAs":["https:\/\/www.facebook.com\/mickapoleslovensko","https:\/\/www.instagram.com\/micka_pole_slovensko\/"]}]}},"_links":{"self":[{"href":"https:\/\/www.poledance.sk\/index.php\/wp-json\/wp\/v2\/pages\/175","targetHints":{"allow":["GET"]}}],"collection":[{"href":"https:\/\/www.poledance.sk\/index.php\/wp-json\/wp\/v2\/pages"}],"about":[{"href":"https:\/\/www.poledance.sk\/index.php\/wp-json\/wp\/v2\/types\/page"}],"author":[{"embeddable":true,"href":"https:\/\/www.poledance.sk\/index.php\/wp-json\/wp\/v2\/users\/1"}],"replies":[{"embeddable":true,"href":"https:\/\/www.poledance.sk\/index.php\/wp-json\/wp\/v2\/comments?post=175"}],"version-history":[{"count":42,"href":"https:\/\/www.poledance.sk\/index.php\/wp-json\/wp\/v2\/pages\/175\/revisions"}],"predecessor-version":[{"id":738,"href":"https:\/\/www.poledance.sk\/index.php\/wp-json\/wp\/v2\/pages\/175\/revisions\/738"}],"wp:attachment":[{"href":"https:\/\/www.poledance.sk\/index.php\/wp-json\/wp\/v2\/media?parent=175"}],"curies":[{"name":"wp","href":"https:\/\/api.w.org\/{rel}","templated":true}]}}