{"id":345,"date":"2025-03-16T10:48:59","date_gmt":"2025-03-16T09:48:59","guid":{"rendered":"https:\/\/www.poledance.sk\/?page_id=345"},"modified":"2026-04-20T14:24:21","modified_gmt":"2026-04-20T12:24:21","slug":"sutaze-a-vystupenia","status":"publish","type":"page","link":"https:\/\/www.poledance.sk\/index.php\/sutaze-a-vystupenia\/","title":{"rendered":"S\u00fa\u0165a\u017ee a workshopy"},"content":{"rendered":"\t\t<div data-elementor-type=\"wp-page\" data-elementor-id=\"345\" class=\"elementor elementor-345\">\n\t\t\t\t<div class=\"elementor-element elementor-element-8c43e08 e-grid e-con-boxed e-con e-parent\" data-id=\"8c43e08\" data-element_type=\"container\" data-e-type=\"container\">\n\t\t\t\t\t<div class=\"e-con-inner\">\n\t\t\t\t<div class=\"elementor-element elementor-element-1745f9d elementor-widget elementor-widget-heading\" data-id=\"1745f9d\" data-element_type=\"widget\" data-e-type=\"widget\" data-widget_type=\"heading.default\">\n\t\t\t\t<div class=\"elementor-widget-container\">\n\t\t\t\t\t<h4 class=\"elementor-heading-title elementor-size-default\">Workshop\nPole Dance P\u00fachov<\/h4>\t\t\t\t<\/div>\n\t\t\t\t<\/div>\n\t\t\t\t<div class=\"elementor-element elementor-element-507614e elementor-widget elementor-widget-text-editor\" data-id=\"507614e\" data-element_type=\"widget\" data-e-type=\"widget\" data-widget_type=\"text-editor.default\">\n\t\t\t\t<div class=\"elementor-widget-container\">\n\t\t\t\t\t\t\t\t\t<p data-start=\"0\" data-end=\"421\"><strong data-start=\"0\" data-end=\"16\">1. \u010co, kedy a kde<\/strong><br data-start=\"16\" data-end=\"19\" \/>Workshop je zameran\u00fd na z\u00e1klady Pole dance a kon\u00e1 sa <strong>25.4.2026 <\/strong>(sobota) v \u010dase<strong> 9:00 \u2013 17:30. <\/strong>v pole dance \u0161t\u00fadiu <a href=\"https:\/\/www.aurorapuchov.eu\/\" target=\"_blank\" rel=\"noopener\"><strong>Aurora pole &amp; aerial studio P\u00fachov<\/strong><\/a><\/p><p data-start=\"423\" data-end=\"640\"><strong data-start=\"423\" data-end=\"438\">2. Pre koho<\/strong><br data-start=\"438\" data-end=\"441\" \/>Workshop je ur\u010den\u00fd pre in\u0161truktorov Pole dance \u2013 (aj bud\u00facich), ktor\u00ed sa chc\u00fa zorientova\u0165, \u010do a ako u\u010di\u0165 prv\u00e9 hodiny\/kurzy, ale aj nad\u0161encom Pole dancu, ktor\u00ed chc\u00fa lep\u0161ie pochopi\u0165 techniku a z\u00e1klady.<\/p><p data-start=\"642\" data-end=\"953\"><strong data-start=\"642\" data-end=\"668\">3. Pre\u010do ho absolvova\u0165<\/strong><br data-start=\"668\" data-end=\"671\" \/>Z\u00edskate praktick\u00e9 aj teoretick\u00e9 know-how, ktor\u00e9 v\u00e1m pom\u00f4\u017ee vies\u0165 hodiny efekt\u00edvne a bezpe\u010dne. Nau\u010d\u00edte sa, ako spr\u00e1vne vysklada\u0165 tr\u00e9ning, vysvetli\u0165 z\u00e1kladn\u00e9 prvky a vyhn\u00fa\u0165 sa naj\u010dastej\u0161\u00edm chyb\u00e1m. Workshop v\u00e1m dod\u00e1 istotu, in\u0161pir\u00e1ciu a pevn\u00e9 z\u00e1klady, na ktor\u00fdch m\u00f4\u017eete \u010falej stava\u0165.<\/p><p data-start=\"955\" data-end=\"997\" data-is-last-node=\"\" data-is-only-node=\"\">Viac inform\u00e1ci\u00ed na uveden\u00fdch tel. \u010d\u00edslach.<\/p>\t\t\t\t\t\t\t\t<\/div>\n\t\t\t\t<\/div>\n\t\t\t\t<div class=\"elementor-element elementor-element-199665b e-transform elementor-widget elementor-widget-image\" data-id=\"199665b\" data-element_type=\"widget\" data-e-type=\"widget\" data-settings=\"{&quot;_transform_scale_effect_hover&quot;:{&quot;unit&quot;:&quot;px&quot;,&quot;size&quot;:1.3000000000000000444089209850062616169452667236328125,&quot;sizes&quot;:[]},&quot;_transform_scale_effect_hover_tablet&quot;:{&quot;unit&quot;:&quot;px&quot;,&quot;size&quot;:&quot;&quot;,&quot;sizes&quot;:[]},&quot;_transform_scale_effect_hover_mobile&quot;:{&quot;unit&quot;:&quot;px&quot;,&quot;size&quot;:&quot;&quot;,&quot;sizes&quot;:[]}}\" data-widget_type=\"image.default\">\n\t\t\t\t<div class=\"elementor-widget-container\">\n\t\t\t\t\t\t\t\t\t\t\t\t\t\t\t<img fetchpriority=\"high\" decoding=\"async\" width=\"668\" height=\"554\" src=\"https:\/\/www.poledance.sk\/wp-content\/uploads\/2026\/04\/pole-dance-workshop-Aurora-Puchov.png\" class=\"attachment-large size-large wp-image-882\" alt=\"Workshop Pole Dance\" srcset=\"https:\/\/www.poledance.sk\/wp-content\/uploads\/2026\/04\/pole-dance-workshop-Aurora-Puchov.png 668w, https:\/\/www.poledance.sk\/wp-content\/uploads\/2026\/04\/pole-dance-workshop-Aurora-Puchov-300x249.png 300w, https:\/\/www.poledance.sk\/wp-content\/uploads\/2026\/04\/pole-dance-workshop-Aurora-Puchov-230x191.png 230w, https:\/\/www.poledance.sk\/wp-content\/uploads\/2026\/04\/pole-dance-workshop-Aurora-Puchov-350x290.png 350w, https:\/\/www.poledance.sk\/wp-content\/uploads\/2026\/04\/pole-dance-workshop-Aurora-Puchov-480x398.png 480w\" sizes=\"(max-width: 668px) 100vw, 668px\" \/>\t\t\t\t\t\t\t\t\t\t\t\t\t\t\t<\/div>\n\t\t\t\t<\/div>\n\t\t\t\t\t<\/div>\n\t\t\t\t<\/div>\n\t\t<div class=\"elementor-element elementor-element-bc0cdca e-flex e-con-boxed e-con e-parent\" data-id=\"bc0cdca\" data-element_type=\"container\" data-e-type=\"container\">\n\t\t\t\t\t<div class=\"e-con-inner\">\n\t\t\t\t\t<\/div>\n\t\t\t\t<\/div>\n\t\t<div class=\"elementor-element elementor-element-59408f3 e-flex e-con-boxed e-con e-parent\" data-id=\"59408f3\" data-element_type=\"container\" data-e-type=\"container\">\n\t\t\t\t\t<div class=\"e-con-inner\">\n\t\t\t\t<div class=\"elementor-element elementor-element-4c6c12f elementor-widget elementor-widget-text-editor\" data-id=\"4c6c12f\" data-element_type=\"widget\" data-e-type=\"widget\" data-widget_type=\"text-editor.default\">\n\t\t\t\t<div class=\"elementor-widget-container\">\n\t\t\t\t\t\t\t\t\t<hr \/><h5>Organizujete s\u00fa\u0165a\u017ee, workshopy alebo in\u00e9 akcie zameran\u00e9 na pole dance?<\/h5><p>Radi by ste svoju pole dance akciu zvidite\u013enili na webe www.poledance.sk?<\/p><p>Kontaktujte n\u00e1s cez <a href=\"https:\/\/www.poledance.sk\/index.php\/napiste-nam\/\" target=\"_blank\" rel=\"noopener\">kontaktn\u00fd formul\u00e1r<\/a> a na tomto mieste m\u00f4\u017ee by\u0165 Va\u0161a pole dance akcia.<\/p>\t\t\t\t\t\t\t\t<\/div>\n\t\t\t\t<\/div>\n\t\t\t\t\t<\/div>\n\t\t\t\t<\/div>\n\t\t\t\t<\/div>\n\t\t","protected":false},"excerpt":{"rendered":"<p>Workshop Pole Dance P\u00fachov 1. \u010co, kedy a kdeWorkshop je zameran\u00fd na z\u00e1klady Pole dance a kon\u00e1 sa 25.4.2026 (sobota) v \u010dase [&hellip;]<\/p>\n","protected":false},"author":1,"featured_media":0,"parent":0,"menu_order":0,"comment_status":"closed","ping_status":"closed","template":"","meta":{"_uf_show_specific_survey":0,"_uf_disable_surveys":false,"footnotes":""},"class_list":["post-345","page","type-page","status-publish","hentry"],"yoast_head":"<!-- This site is optimized with the Yoast SEO plugin v27.4 - https:\/\/yoast.com\/product\/yoast-seo-wordpress\/ -->\n<title>S\u00fa\u0165a\u017ee a workshopy | www.poledance.sk<\/title>\n<meta name=\"robots\" content=\"index, follow, max-snippet:-1, max-image-preview:large, max-video-preview:-1\" \/>\n<link rel=\"canonical\" href=\"https:\/\/www.poledance.sk\/index.php\/sutaze-a-vystupenia\/\" \/>\n<meta property=\"og:locale\" content=\"sk_SK\" \/>\n<meta property=\"og:type\" content=\"article\" \/>\n<meta property=\"og:title\" content=\"S\u00fa\u0165a\u017ee a workshopy | www.poledance.sk\" \/>\n<meta property=\"og:description\" content=\"Workshop Pole Dance P\u00fachov 1. \u010co, kedy a kdeWorkshop je zameran\u00fd na z\u00e1klady Pole dance a kon\u00e1 sa 25.4.2026 (sobota) v \u010dase [&hellip;]\" \/>\n<meta property=\"og:url\" content=\"https:\/\/www.poledance.sk\/index.php\/sutaze-a-vystupenia\/\" \/>\n<meta property=\"og:site_name\" content=\"www.poledance.sk\" \/>\n<meta property=\"article:publisher\" content=\"https:\/\/www.facebook.com\/mickapoleslovensko\" \/>\n<meta property=\"article:modified_time\" content=\"2026-04-20T12:24:21+00:00\" \/>\n<meta property=\"og:image\" content=\"https:\/\/www.poledance.sk\/wp-content\/uploads\/2026\/04\/pole-dance-workshop-Aurora-Puchov.png\" \/>\n\t<meta property=\"og:image:width\" content=\"668\" \/>\n\t<meta property=\"og:image:height\" content=\"554\" \/>\n\t<meta property=\"og:image:type\" content=\"image\/png\" \/>\n<meta name=\"twitter:card\" content=\"summary_large_image\" \/>\n<meta name=\"twitter:label1\" content=\"Predpokladan\u00fd \u010das \u010d\u00edtania\" \/>\n\t<meta name=\"twitter:data1\" content=\"2 min\u00faty\" \/>\n<script type=\"application\/ld+json\" class=\"yoast-schema-graph\">{\"@context\":\"https:\\\/\\\/schema.org\",\"@graph\":[{\"@type\":\"WebPage\",\"@id\":\"https:\\\/\\\/www.poledance.sk\\\/index.php\\\/sutaze-a-vystupenia\\\/\",\"url\":\"https:\\\/\\\/www.poledance.sk\\\/index.php\\\/sutaze-a-vystupenia\\\/\",\"name\":\"S\u00fa\u0165a\u017ee a workshopy | www.poledance.sk\",\"isPartOf\":{\"@id\":\"https:\\\/\\\/www.poledance.sk\\\/#website\"},\"primaryImageOfPage\":{\"@id\":\"https:\\\/\\\/www.poledance.sk\\\/index.php\\\/sutaze-a-vystupenia\\\/#primaryimage\"},\"image\":{\"@id\":\"https:\\\/\\\/www.poledance.sk\\\/index.php\\\/sutaze-a-vystupenia\\\/#primaryimage\"},\"thumbnailUrl\":\"https:\\\/\\\/www.poledance.sk\\\/wp-content\\\/uploads\\\/2026\\\/04\\\/pole-dance-workshop-Aurora-Puchov.png\",\"datePublished\":\"2025-03-16T09:48:59+00:00\",\"dateModified\":\"2026-04-20T12:24:21+00:00\",\"breadcrumb\":{\"@id\":\"https:\\\/\\\/www.poledance.sk\\\/index.php\\\/sutaze-a-vystupenia\\\/#breadcrumb\"},\"inLanguage\":\"sk-SK\",\"potentialAction\":[{\"@type\":\"ReadAction\",\"target\":[\"https:\\\/\\\/www.poledance.sk\\\/index.php\\\/sutaze-a-vystupenia\\\/\"]}]},{\"@type\":\"ImageObject\",\"inLanguage\":\"sk-SK\",\"@id\":\"https:\\\/\\\/www.poledance.sk\\\/index.php\\\/sutaze-a-vystupenia\\\/#primaryimage\",\"url\":\"https:\\\/\\\/www.poledance.sk\\\/wp-content\\\/uploads\\\/2026\\\/04\\\/pole-dance-workshop-Aurora-Puchov.png\",\"contentUrl\":\"https:\\\/\\\/www.poledance.sk\\\/wp-content\\\/uploads\\\/2026\\\/04\\\/pole-dance-workshop-Aurora-Puchov.png\",\"width\":668,\"height\":554,\"caption\":\"Workshop Pole Dance\"},{\"@type\":\"BreadcrumbList\",\"@id\":\"https:\\\/\\\/www.poledance.sk\\\/index.php\\\/sutaze-a-vystupenia\\\/#breadcrumb\",\"itemListElement\":[{\"@type\":\"ListItem\",\"position\":1,\"name\":\"Domovsk\u00e1 str\u00e1nka\",\"item\":\"https:\\\/\\\/www.poledance.sk\\\/\"},{\"@type\":\"ListItem\",\"position\":2,\"name\":\"S\u00fa\u0165a\u017ee a workshopy\"}]},{\"@type\":\"WebSite\",\"@id\":\"https:\\\/\\\/www.poledance.sk\\\/#website\",\"url\":\"https:\\\/\\\/www.poledance.sk\\\/\",\"name\":\"www.poledance.sk\",\"description\":\"V\u0161etko, \u010do chce\u0161 vedie\u0165 o pole dance\",\"publisher\":{\"@id\":\"https:\\\/\\\/www.poledance.sk\\\/#organization\"},\"alternateName\":\"pole dance slovensko v\u0161etko \u010do chce\u0161 vedie\u0165 o pole dance\",\"potentialAction\":[{\"@type\":\"SearchAction\",\"target\":{\"@type\":\"EntryPoint\",\"urlTemplate\":\"https:\\\/\\\/www.poledance.sk\\\/?s={search_term_string}\"},\"query-input\":{\"@type\":\"PropertyValueSpecification\",\"valueRequired\":true,\"valueName\":\"search_term_string\"}}],\"inLanguage\":\"sk-SK\"},{\"@type\":\"Organization\",\"@id\":\"https:\\\/\\\/www.poledance.sk\\\/#organization\",\"name\":\"Pole Dance\",\"url\":\"https:\\\/\\\/www.poledance.sk\\\/\",\"logo\":{\"@type\":\"ImageObject\",\"inLanguage\":\"sk-SK\",\"@id\":\"https:\\\/\\\/www.poledance.sk\\\/#\\\/schema\\\/logo\\\/image\\\/\",\"url\":\"https:\\\/\\\/www.poledance.sk\\\/wp-content\\\/uploads\\\/2024\\\/02\\\/cropped-logo-Micka-Pole-Slovensko.png\",\"contentUrl\":\"https:\\\/\\\/www.poledance.sk\\\/wp-content\\\/uploads\\\/2024\\\/02\\\/cropped-logo-Micka-Pole-Slovensko.png\",\"width\":512,\"height\":512,\"caption\":\"Pole Dance\"},\"image\":{\"@id\":\"https:\\\/\\\/www.poledance.sk\\\/#\\\/schema\\\/logo\\\/image\\\/\"},\"sameAs\":[\"https:\\\/\\\/www.facebook.com\\\/mickapoleslovensko\",\"https:\\\/\\\/www.instagram.com\\\/micka_pole_slovensko\\\/\"]}]}<\/script>\n<!-- \/ Yoast SEO plugin. -->","yoast_head_json":{"title":"S\u00fa\u0165a\u017ee a workshopy | www.poledance.sk","robots":{"index":"index","follow":"follow","max-snippet":"max-snippet:-1","max-image-preview":"max-image-preview:large","max-video-preview":"max-video-preview:-1"},"canonical":"https:\/\/www.poledance.sk\/index.php\/sutaze-a-vystupenia\/","og_locale":"sk_SK","og_type":"article","og_title":"S\u00fa\u0165a\u017ee a workshopy | www.poledance.sk","og_description":"Workshop Pole Dance P\u00fachov 1. \u010co, kedy a kdeWorkshop je zameran\u00fd na z\u00e1klady Pole dance a kon\u00e1 sa 25.4.2026 (sobota) v \u010dase [&hellip;]","og_url":"https:\/\/www.poledance.sk\/index.php\/sutaze-a-vystupenia\/","og_site_name":"www.poledance.sk","article_publisher":"https:\/\/www.facebook.com\/mickapoleslovensko","article_modified_time":"2026-04-20T12:24:21+00:00","og_image":[{"width":668,"height":554,"url":"https:\/\/www.poledance.sk\/wp-content\/uploads\/2026\/04\/pole-dance-workshop-Aurora-Puchov.png","type":"image\/png"}],"twitter_card":"summary_large_image","twitter_misc":{"Predpokladan\u00fd \u010das \u010d\u00edtania":"2 min\u00faty"},"schema":{"@context":"https:\/\/schema.org","@graph":[{"@type":"WebPage","@id":"https:\/\/www.poledance.sk\/index.php\/sutaze-a-vystupenia\/","url":"https:\/\/www.poledance.sk\/index.php\/sutaze-a-vystupenia\/","name":"S\u00fa\u0165a\u017ee a workshopy | www.poledance.sk","isPartOf":{"@id":"https:\/\/www.poledance.sk\/#website"},"primaryImageOfPage":{"@id":"https:\/\/www.poledance.sk\/index.php\/sutaze-a-vystupenia\/#primaryimage"},"image":{"@id":"https:\/\/www.poledance.sk\/index.php\/sutaze-a-vystupenia\/#primaryimage"},"thumbnailUrl":"https:\/\/www.poledance.sk\/wp-content\/uploads\/2026\/04\/pole-dance-workshop-Aurora-Puchov.png","datePublished":"2025-03-16T09:48:59+00:00","dateModified":"2026-04-20T12:24:21+00:00","breadcrumb":{"@id":"https:\/\/www.poledance.sk\/index.php\/sutaze-a-vystupenia\/#breadcrumb"},"inLanguage":"sk-SK","potentialAction":[{"@type":"ReadAction","target":["https:\/\/www.poledance.sk\/index.php\/sutaze-a-vystupenia\/"]}]},{"@type":"ImageObject","inLanguage":"sk-SK","@id":"https:\/\/www.poledance.sk\/index.php\/sutaze-a-vystupenia\/#primaryimage","url":"https:\/\/www.poledance.sk\/wp-content\/uploads\/2026\/04\/pole-dance-workshop-Aurora-Puchov.png","contentUrl":"https:\/\/www.poledance.sk\/wp-content\/uploads\/2026\/04\/pole-dance-workshop-Aurora-Puchov.png","width":668,"height":554,"caption":"Workshop Pole Dance"},{"@type":"BreadcrumbList","@id":"https:\/\/www.poledance.sk\/index.php\/sutaze-a-vystupenia\/#breadcrumb","itemListElement":[{"@type":"ListItem","position":1,"name":"Domovsk\u00e1 str\u00e1nka","item":"https:\/\/www.poledance.sk\/"},{"@type":"ListItem","position":2,"name":"S\u00fa\u0165a\u017ee a workshopy"}]},{"@type":"WebSite","@id":"https:\/\/www.poledance.sk\/#website","url":"https:\/\/www.poledance.sk\/","name":"www.poledance.sk","description":"V\u0161etko, \u010do chce\u0161 vedie\u0165 o pole dance","publisher":{"@id":"https:\/\/www.poledance.sk\/#organization"},"alternateName":"pole dance slovensko v\u0161etko \u010do chce\u0161 vedie\u0165 o pole dance","potentialAction":[{"@type":"SearchAction","target":{"@type":"EntryPoint","urlTemplate":"https:\/\/www.poledance.sk\/?s={search_term_string}"},"query-input":{"@type":"PropertyValueSpecification","valueRequired":true,"valueName":"search_term_string"}}],"inLanguage":"sk-SK"},{"@type":"Organization","@id":"https:\/\/www.poledance.sk\/#organization","name":"Pole Dance","url":"https:\/\/www.poledance.sk\/","logo":{"@type":"ImageObject","inLanguage":"sk-SK","@id":"https:\/\/www.poledance.sk\/#\/schema\/logo\/image\/","url":"https:\/\/www.poledance.sk\/wp-content\/uploads\/2024\/02\/cropped-logo-Micka-Pole-Slovensko.png","contentUrl":"https:\/\/www.poledance.sk\/wp-content\/uploads\/2024\/02\/cropped-logo-Micka-Pole-Slovensko.png","width":512,"height":512,"caption":"Pole Dance"},"image":{"@id":"https:\/\/www.poledance.sk\/#\/schema\/logo\/image\/"},"sameAs":["https:\/\/www.facebook.com\/mickapoleslovensko","https:\/\/www.instagram.com\/micka_pole_slovensko\/"]}]}},"_links":{"self":[{"href":"https:\/\/www.poledance.sk\/index.php\/wp-json\/wp\/v2\/pages\/345","targetHints":{"allow":["GET"]}}],"collection":[{"href":"https:\/\/www.poledance.sk\/index.php\/wp-json\/wp\/v2\/pages"}],"about":[{"href":"https:\/\/www.poledance.sk\/index.php\/wp-json\/wp\/v2\/types\/page"}],"author":[{"embeddable":true,"href":"https:\/\/www.poledance.sk\/index.php\/wp-json\/wp\/v2\/users\/1"}],"replies":[{"embeddable":true,"href":"https:\/\/www.poledance.sk\/index.php\/wp-json\/wp\/v2\/comments?post=345"}],"version-history":[{"count":46,"href":"https:\/\/www.poledance.sk\/index.php\/wp-json\/wp\/v2\/pages\/345\/revisions"}],"predecessor-version":[{"id":900,"href":"https:\/\/www.poledance.sk\/index.php\/wp-json\/wp\/v2\/pages\/345\/revisions\/900"}],"wp:attachment":[{"href":"https:\/\/www.poledance.sk\/index.php\/wp-json\/wp\/v2\/media?parent=345"}],"curies":[{"name":"wp","href":"https:\/\/api.w.org\/{rel}","templated":true}]}}