{"id":826,"date":"2025-12-08T18:55:37","date_gmt":"2025-12-08T17:55:37","guid":{"rendered":"https:\/\/www.poledance.sk\/?page_id=826"},"modified":"2026-02-27T13:12:38","modified_gmt":"2026-02-27T12:12:38","slug":"instruktor-pole-dance-i","status":"publish","type":"page","link":"https:\/\/www.poledance.sk\/index.php\/instruktor-pole-dance-i\/","title":{"rendered":"Kurz In\u0161truktor Pole dance I."},"content":{"rendered":"\t\t<div data-elementor-type=\"wp-page\" data-elementor-id=\"826\" class=\"elementor elementor-826\">\n\t\t\t\t<div class=\"elementor-element elementor-element-84c000b e-flex e-con-boxed e-con e-parent\" data-id=\"84c000b\" data-element_type=\"container\" data-e-type=\"container\">\n\t\t\t\t\t<div class=\"e-con-inner\">\n\t\t\t\t<div class=\"elementor-element elementor-element-f27089d elementor-widget elementor-widget-text-editor\" data-id=\"f27089d\" data-element_type=\"widget\" data-e-type=\"widget\" data-widget_type=\"text-editor.default\">\n\t\t\t\t<div class=\"elementor-widget-container\">\n\t\t\t\t\t\t\t\t\t<p>\u010co je Kurz <strong data-start=\"15\" data-end=\"43\">In\u0161truktor Pole Dance I.<\/strong><\/p><p>Profesion\u00e1lne vzdel\u00e1vanie ur\u010den\u00e9 pre pokro\u010dil\u00e9 pole dancerky, ktor\u00e9 chc\u00fa za\u010da\u0165 tr\u00e9nova\u0165 pole dance alebo si roz\u0161\u00edri\u0165 svoje odborn\u00e9 znalosti a kvalifik\u00e1ciu.<\/p><p><strong>\u010co pon\u00faka kurz<\/strong><\/p><p>Komplexn\u00e9 inform\u00e1cie z oblasti techniky, metodiky v\u00fdu\u010dby, bezpe\u010dnosti a spr\u00e1vneho vedenia tr\u00e9ningov pole dance. \u00da\u010dastn\u00ed\u010dky z\u00edskaj\u00fa teoretick\u00e9 aj praktick\u00e9 zru\u010dnosti potrebn\u00e9 na vedenie skupinov\u00fdch aj individu\u00e1lnych lekci\u00ed.<\/p><p><strong>Pre\u010do ho absolvova\u0165<\/strong><\/p><p>Ak chcete posun\u00fa\u0165 svoju pole dance kari\u00e9ru na vy\u0161\u0161iu \u00farove\u0148 a sta\u0165 sa certifikovanou in\u0161truktorkou pole dance, tento tr\u00e9nersk\u00fd kurz je ide\u00e1lnym krokom. Investujte do svojho vzdelania a budujte si profesion\u00e1lne meno v oblasti pole dance.<\/p><p>Kto organizuje <strong>Kurz In\u0161tuktor Pole Dance I.\u00a0<\/strong><\/p><p><a href=\"https:\/\/www.moneli.sk\/\" target=\"_blank\" rel=\"noopener\">MonEli Studio<\/a> v spolupr\u00e1ci s In\u0161truktorskou akad\u00e9miou <a href=\"https:\/\/fsport.uniba.sk\/studium\/dalsie-formy-vzdelavania-ftvs-uk\/instruktorska-akademia\/\" target=\"_blank\" rel=\"noopener\">FTV\u0160 &#8211; IN\u0160TRUKTORSK\u00c1 AKAD\u00c9MIA<\/a>\u00a0<\/p><p><strong>Term\u00edn najbli\u017e\u0161ieho kurzu<\/strong><\/p><p>na konci \u010dl\u00e1nku s\u00fa uveden\u00e9 term\u00edny na najbli\u017e\u0161ie obdobie.\u00a0\u00a0<\/p>\t\t\t\t\t\t\t\t<\/div>\n\t\t\t\t<\/div>\n\t\t\t\t\t<\/div>\n\t\t\t\t<\/div>\n\t\t<div class=\"elementor-element elementor-element-289d379 e-flex e-con-boxed e-con e-parent\" data-id=\"289d379\" data-element_type=\"container\" data-e-type=\"container\">\n\t\t\t\t\t<div class=\"e-con-inner\">\n\t\t\t\t<div class=\"elementor-element elementor-element-df1fcfe elementor-widget elementor-widget-image\" data-id=\"df1fcfe\" data-element_type=\"widget\" data-e-type=\"widget\" data-widget_type=\"image.default\">\n\t\t\t\t<div class=\"elementor-widget-container\">\n\t\t\t\t\t\t\t\t\t\t\t\t\t\t\t<img fetchpriority=\"high\" decoding=\"async\" width=\"1024\" height=\"683\" src=\"https:\/\/www.poledance.sk\/wp-content\/uploads\/2025\/12\/8.-12.-2025-19_27_31-1024x683.png\" class=\"attachment-large size-large wp-image-840\" alt=\"In\u0161truktor Pole Dance I.\" srcset=\"https:\/\/www.poledance.sk\/wp-content\/uploads\/2025\/12\/8.-12.-2025-19_27_31-1024x683.png 1024w, https:\/\/www.poledance.sk\/wp-content\/uploads\/2025\/12\/8.-12.-2025-19_27_31-300x200.png 300w, https:\/\/www.poledance.sk\/wp-content\/uploads\/2025\/12\/8.-12.-2025-19_27_31-768x512.png 768w, https:\/\/www.poledance.sk\/wp-content\/uploads\/2025\/12\/8.-12.-2025-19_27_31-1000x667.png 1000w, https:\/\/www.poledance.sk\/wp-content\/uploads\/2025\/12\/8.-12.-2025-19_27_31-230x153.png 230w, https:\/\/www.poledance.sk\/wp-content\/uploads\/2025\/12\/8.-12.-2025-19_27_31-350x233.png 350w, https:\/\/www.poledance.sk\/wp-content\/uploads\/2025\/12\/8.-12.-2025-19_27_31-480x320.png 480w, https:\/\/www.poledance.sk\/wp-content\/uploads\/2025\/12\/8.-12.-2025-19_27_31.png 1536w\" sizes=\"(max-width: 1024px) 100vw, 1024px\" \/>\t\t\t\t\t\t\t\t\t\t\t\t\t\t\t<\/div>\n\t\t\t\t<\/div>\n\t\t\t\t\t<\/div>\n\t\t\t\t<\/div>\n\t\t<div class=\"elementor-element elementor-element-7728edc e-flex e-con-boxed e-con e-parent\" data-id=\"7728edc\" data-element_type=\"container\" data-e-type=\"container\">\n\t\t\t\t\t<div class=\"e-con-inner\">\n\t\t\t\t<div class=\"elementor-element elementor-element-6745d01 elementor-widget elementor-widget-text-editor\" data-id=\"6745d01\" data-element_type=\"widget\" data-e-type=\"widget\" data-widget_type=\"text-editor.default\">\n\t\t\t\t<div class=\"elementor-widget-container\">\n\t\t\t\t\t\t\t\t\t<h4><strong>Kurz In\u0161truktor Pole dance I. obsahuje:<\/strong><\/h4><ol><li>V\u0161eobecn\u00fa \u010das\u0165 vzdel\u00e1vania \u2013 21 hod\u00edn priamo na Akademickej p\u00f4de FTV\u0160, kde v\u00e1m bud\u00fa odovzdan\u00e9 vedomosti z oblasti anat\u00f3mie, fyziol\u00f3gie, psychol\u00f3gie, at\u010f&#8230;<\/li><\/ol><p>\u00a0 \u00a0 \u00a02. Praktick\u00fa \u010das\u0165 &#8211; 40 hod\u00edn Pole dance, ktor\u00e9 zah\u0155\u0148aj\u00fa inform\u00e1cie oh\u013eadom:<\/p><ul><li>\u0160trukt\u00fary tr\u00e9ningovej jednotky v\u00a0Pole dance (ako by mala by\u0165 spr\u00e1vne nastaven\u00e1)<\/li><li>Z\u00e1kladn\u00fdch \u00fachopov horn\u00fdch kon\u010dat\u00edn<\/li><li>Z\u00e1kladn\u00fdch poz\u00edci\u00ed doln\u00fdch kon\u010dat\u00edn<\/li><li>Spr\u00e1vneho rozcvi\u010denia v\u00a0Pole dance<\/li><li>Z\u00e1kladn\u00fdch cvi\u010debn\u00fdch tvarov (rot\u00e1ci\u00ed)<\/li><li>Statick\u00fdch cvi\u010debn\u00fdch tvarov<\/li><li>Prechodov\u00fdch cvi\u010debn\u00fdch tvarov<\/li><li>Posil\u0148ovania v\u00a0Pole dance<\/li><li>Z\u00e1sad bezpe\u010dnosti v\u00a0Pole dance<\/li><\/ul><p>Ka\u017ed\u00fd \u00fa\u010dastn\u00edk kurzu obdr\u017e\u00ed Pracovn\u00fd zo\u0161it s\u00a0inform\u00e1ciami a s\u00a0prilo\u017een\u00fdmi fotografiami.<\/p><p>Absolvent\/tka kurzu obdr\u017e\u00ed Osved\u010denie (Certifik\u00e1t) o\u00a0odbornej sp\u00f4sobilosti.<\/p>\t\t\t\t\t\t\t\t<\/div>\n\t\t\t\t<\/div>\n\t\t\t\t\t<\/div>\n\t\t\t\t<\/div>\n\t\t<div class=\"elementor-element elementor-element-3e08cb8 e-flex e-con-boxed e-con e-parent\" data-id=\"3e08cb8\" data-element_type=\"container\" data-e-type=\"container\">\n\t\t\t\t\t<div class=\"e-con-inner\">\n\t\t\t\t<div class=\"elementor-element elementor-element-d016539 elementor-widget elementor-widget-heading\" data-id=\"d016539\" data-element_type=\"widget\" data-e-type=\"widget\" data-widget_type=\"heading.default\">\n\t\t\t\t<div class=\"elementor-widget-container\">\n\t\t\t\t\t<h2 class=\"elementor-heading-title elementor-size-default\">Term\u00edn kurzu 2026\u00a0\n<\/h2>\t\t\t\t<\/div>\n\t\t\t\t<\/div>\n\t\t\t\t\t<\/div>\n\t\t\t\t<\/div>\n\t\t<div class=\"elementor-element elementor-element-ee70322 e-flex e-con-boxed e-con e-parent\" data-id=\"ee70322\" data-element_type=\"container\" data-e-type=\"container\">\n\t\t\t\t\t<div class=\"e-con-inner\">\n\t\t\t\t<div class=\"elementor-element elementor-element-fddfadf elementor-widget elementor-widget-text-editor\" data-id=\"fddfadf\" data-element_type=\"widget\" data-e-type=\"widget\" data-widget_type=\"text-editor.default\">\n\t\t\t\t<div class=\"elementor-widget-container\">\n\t\t\t\t\t\t\t\t\t<p>V\u0161eobecn\u00e1 \u010das: <strong>13.03.- 15.03.2026<\/strong> prezen\u010dne na FTVS UK v Bratislave.<\/p><p>\u0160peci\u00e1lna \u010das\u0165:<\/p><p><strong>17.04. &#8211; 19.04.2026 \u00a0<\/strong><\/p><p><strong>09.05. &#8211; 10.05.2026<\/strong><\/p>\t\t\t\t\t\t\t\t<\/div>\n\t\t\t\t<\/div>\n\t\t\t\t\t<\/div>\n\t\t\t\t<\/div>\n\t\t<div class=\"elementor-element elementor-element-493d32c e-flex e-con-boxed e-con e-parent\" data-id=\"493d32c\" data-element_type=\"container\" data-e-type=\"container\">\n\t\t\t\t\t<div class=\"e-con-inner\">\n\t\t\t\t<div class=\"elementor-element elementor-element-bdeed62 elementor-widget elementor-widget-text-editor\" data-id=\"bdeed62\" data-element_type=\"widget\" data-e-type=\"widget\" data-widget_type=\"text-editor.default\">\n\t\t\t\t<div class=\"elementor-widget-container\">\n\t\t\t\t\t\t\t\t\t<p><span>Kontakt: Mgr. Miroslava Kordo\u0161ov\u00e1 <a href=\"mailto:-mirka@moneli.sk\" target=\"_blank\" rel=\"noopener\">mirka@moneli.sk<\/a> +421\u00a0911\u00a0379 193<\/span><\/p>\t\t\t\t\t\t\t\t<\/div>\n\t\t\t\t<\/div>\n\t\t\t\t\t<\/div>\n\t\t\t\t<\/div>\n\t\t<div class=\"elementor-element elementor-element-0bab8b9 e-flex e-con-boxed e-con e-parent\" data-id=\"0bab8b9\" data-element_type=\"container\" data-e-type=\"container\">\n\t\t\t\t\t<div class=\"e-con-inner\">\n\t\t\t\t<div class=\"elementor-element elementor-element-22b832c elementor-widget elementor-widget-image\" data-id=\"22b832c\" data-element_type=\"widget\" data-e-type=\"widget\" data-widget_type=\"image.default\">\n\t\t\t\t<div class=\"elementor-widget-container\">\n\t\t\t\t\t\t\t\t\t\t\t\t<figure class=\"wp-caption\">\n\t\t\t\t\t\t\t\t\t\t<img decoding=\"async\" width=\"768\" height=\"1024\" src=\"https:\/\/www.poledance.sk\/wp-content\/uploads\/2025\/12\/IMG_7732-768x1024.jpg\" class=\"attachment-large size-large wp-image-828\" alt=\"Absolventky kurzu &quot;In\u0161truktor Pole dance I.&quot;\" srcset=\"https:\/\/www.poledance.sk\/wp-content\/uploads\/2025\/12\/IMG_7732-768x1024.jpg 768w, https:\/\/www.poledance.sk\/wp-content\/uploads\/2025\/12\/IMG_7732-225x300.jpg 225w, https:\/\/www.poledance.sk\/wp-content\/uploads\/2025\/12\/IMG_7732-1152x1536.jpg 1152w, https:\/\/www.poledance.sk\/wp-content\/uploads\/2025\/12\/IMG_7732-1536x2048.jpg 1536w, https:\/\/www.poledance.sk\/wp-content\/uploads\/2025\/12\/IMG_7732-1000x1333.jpg 1000w, https:\/\/www.poledance.sk\/wp-content\/uploads\/2025\/12\/IMG_7732-230x307.jpg 230w, https:\/\/www.poledance.sk\/wp-content\/uploads\/2025\/12\/IMG_7732-350x467.jpg 350w, https:\/\/www.poledance.sk\/wp-content\/uploads\/2025\/12\/IMG_7732-480x640.jpg 480w, https:\/\/www.poledance.sk\/wp-content\/uploads\/2025\/12\/IMG_7732-scaled.jpg 1920w\" sizes=\"(max-width: 768px) 100vw, 768px\" \/>\t\t\t\t\t\t\t\t\t\t\t<figcaption class=\"widget-image-caption wp-caption-text\">Absolventky kurzu \"In\u0161truktor Pole dance I.\" (2025)<\/figcaption>\n\t\t\t\t\t\t\t\t\t\t<\/figure>\n\t\t\t\t\t\t\t\t\t<\/div>\n\t\t\t\t<\/div>\n\t\t\t\t<div class=\"elementor-element elementor-element-d8faca2 elementor-widget elementor-widget-image\" data-id=\"d8faca2\" data-element_type=\"widget\" data-e-type=\"widget\" data-widget_type=\"image.default\">\n\t\t\t\t<div class=\"elementor-widget-container\">\n\t\t\t\t\t\t\t\t\t\t\t\t<figure class=\"wp-caption\">\n\t\t\t\t\t\t\t\t\t\t<img decoding=\"async\" width=\"768\" height=\"1024\" src=\"https:\/\/www.poledance.sk\/wp-content\/uploads\/2025\/12\/IMG_7731-768x1024.jpg\" class=\"attachment-large size-large wp-image-829\" alt=\"Absolventky kurzu &quot;In\u0161truktor Pole dance I.&quot; (2025)\" srcset=\"https:\/\/www.poledance.sk\/wp-content\/uploads\/2025\/12\/IMG_7731-768x1024.jpg 768w, https:\/\/www.poledance.sk\/wp-content\/uploads\/2025\/12\/IMG_7731-225x300.jpg 225w, https:\/\/www.poledance.sk\/wp-content\/uploads\/2025\/12\/IMG_7731-1152x1536.jpg 1152w, https:\/\/www.poledance.sk\/wp-content\/uploads\/2025\/12\/IMG_7731-1536x2048.jpg 1536w, https:\/\/www.poledance.sk\/wp-content\/uploads\/2025\/12\/IMG_7731-1000x1333.jpg 1000w, https:\/\/www.poledance.sk\/wp-content\/uploads\/2025\/12\/IMG_7731-230x307.jpg 230w, https:\/\/www.poledance.sk\/wp-content\/uploads\/2025\/12\/IMG_7731-350x467.jpg 350w, https:\/\/www.poledance.sk\/wp-content\/uploads\/2025\/12\/IMG_7731-480x640.jpg 480w, https:\/\/www.poledance.sk\/wp-content\/uploads\/2025\/12\/IMG_7731-scaled.jpg 1920w\" sizes=\"(max-width: 768px) 100vw, 768px\" \/>\t\t\t\t\t\t\t\t\t\t\t<figcaption class=\"widget-image-caption wp-caption-text\">Absolventky kurzu \"In\u0161truktor Pole dance I.\" (2025)<\/figcaption>\n\t\t\t\t\t\t\t\t\t\t<\/figure>\n\t\t\t\t\t\t\t\t\t<\/div>\n\t\t\t\t<\/div>\n\t\t\t\t\t<\/div>\n\t\t\t\t<\/div>\n\t\t\t\t<\/div>\n\t\t","protected":false},"excerpt":{"rendered":"<p>\u010co je Kurz In\u0161truktor Pole Dance I. Profesion\u00e1lne vzdel\u00e1vanie ur\u010den\u00e9 pre pokro\u010dil\u00e9 pole dancerky, ktor\u00e9 chc\u00fa za\u010da\u0165 tr\u00e9nova\u0165 pole dance alebo si [&hellip;]<\/p>\n","protected":false},"author":1,"featured_media":0,"parent":0,"menu_order":0,"comment_status":"closed","ping_status":"closed","template":"","meta":{"_uf_show_specific_survey":0,"_uf_disable_surveys":false,"footnotes":""},"class_list":["post-826","page","type-page","status-publish","hentry"],"yoast_head":"<!-- This site is optimized with the Yoast SEO plugin v27.4 - https:\/\/yoast.com\/product\/yoast-seo-wordpress\/ -->\n<title>Kurz In\u0161truktor Pole dance I. | www.poledance.sk<\/title>\n<meta name=\"description\" content=\"\u201eInform\u00e1cie o kurze In\u0161truktor Pole Dance I. \u2013 obsah, d\u013a\u017eka, cenu, \u010do z\u00edskate po absolvovan\u00ed a ako sa prihl\u00e1si\u0165.\u201c\" \/>\n<meta name=\"robots\" content=\"index, follow, max-snippet:-1, max-image-preview:large, max-video-preview:-1\" \/>\n<link rel=\"canonical\" href=\"https:\/\/www.poledance.sk\/index.php\/instruktor-pole-dance-i\/\" \/>\n<meta property=\"og:locale\" content=\"sk_SK\" \/>\n<meta property=\"og:type\" content=\"article\" \/>\n<meta property=\"og:title\" content=\"Kurz In\u0161truktor Pole dance I. | www.poledance.sk\" \/>\n<meta property=\"og:description\" content=\"\u201eInform\u00e1cie o kurze In\u0161truktor Pole Dance I. \u2013 obsah, d\u013a\u017eka, cenu, \u010do z\u00edskate po absolvovan\u00ed a ako sa prihl\u00e1si\u0165.\u201c\" \/>\n<meta property=\"og:url\" content=\"https:\/\/www.poledance.sk\/index.php\/instruktor-pole-dance-i\/\" \/>\n<meta property=\"og:site_name\" content=\"www.poledance.sk\" \/>\n<meta property=\"article:publisher\" content=\"https:\/\/www.facebook.com\/mickapoleslovensko\" \/>\n<meta property=\"article:modified_time\" content=\"2026-02-27T12:12:38+00:00\" \/>\n<meta property=\"og:image\" content=\"https:\/\/www.poledance.sk\/wp-content\/uploads\/2025\/12\/8.-12.-2025-19_27_31-1024x683.png\" \/>\n\t<meta property=\"og:image:width\" content=\"1024\" \/>\n\t<meta property=\"og:image:height\" content=\"683\" \/>\n\t<meta property=\"og:image:type\" content=\"image\/png\" \/>\n<meta name=\"twitter:card\" content=\"summary_large_image\" \/>\n<meta name=\"twitter:label1\" content=\"Predpokladan\u00fd \u010das \u010d\u00edtania\" \/>\n\t<meta name=\"twitter:data1\" content=\"3 min\u00faty\" \/>\n<script type=\"application\/ld+json\" class=\"yoast-schema-graph\">{\"@context\":\"https:\\\/\\\/schema.org\",\"@graph\":[{\"@type\":\"WebPage\",\"@id\":\"https:\\\/\\\/www.poledance.sk\\\/index.php\\\/instruktor-pole-dance-i\\\/\",\"url\":\"https:\\\/\\\/www.poledance.sk\\\/index.php\\\/instruktor-pole-dance-i\\\/\",\"name\":\"Kurz In\u0161truktor Pole dance I. | www.poledance.sk\",\"isPartOf\":{\"@id\":\"https:\\\/\\\/www.poledance.sk\\\/#website\"},\"primaryImageOfPage\":{\"@id\":\"https:\\\/\\\/www.poledance.sk\\\/index.php\\\/instruktor-pole-dance-i\\\/#primaryimage\"},\"image\":{\"@id\":\"https:\\\/\\\/www.poledance.sk\\\/index.php\\\/instruktor-pole-dance-i\\\/#primaryimage\"},\"thumbnailUrl\":\"https:\\\/\\\/www.poledance.sk\\\/wp-content\\\/uploads\\\/2025\\\/12\\\/8.-12.-2025-19_27_31-1024x683.png\",\"datePublished\":\"2025-12-08T17:55:37+00:00\",\"dateModified\":\"2026-02-27T12:12:38+00:00\",\"description\":\"\u201eInform\u00e1cie o kurze In\u0161truktor Pole Dance I. \u2013 obsah, d\u013a\u017eka, cenu, \u010do z\u00edskate po absolvovan\u00ed a ako sa prihl\u00e1si\u0165.\u201c\",\"breadcrumb\":{\"@id\":\"https:\\\/\\\/www.poledance.sk\\\/index.php\\\/instruktor-pole-dance-i\\\/#breadcrumb\"},\"inLanguage\":\"sk-SK\",\"potentialAction\":[{\"@type\":\"ReadAction\",\"target\":[\"https:\\\/\\\/www.poledance.sk\\\/index.php\\\/instruktor-pole-dance-i\\\/\"]}]},{\"@type\":\"ImageObject\",\"inLanguage\":\"sk-SK\",\"@id\":\"https:\\\/\\\/www.poledance.sk\\\/index.php\\\/instruktor-pole-dance-i\\\/#primaryimage\",\"url\":\"https:\\\/\\\/www.poledance.sk\\\/wp-content\\\/uploads\\\/2025\\\/12\\\/8.-12.-2025-19_27_31.png\",\"contentUrl\":\"https:\\\/\\\/www.poledance.sk\\\/wp-content\\\/uploads\\\/2025\\\/12\\\/8.-12.-2025-19_27_31.png\",\"width\":1536,\"height\":1024,\"caption\":\"In\u0161truktor Pole Dance I.\"},{\"@type\":\"BreadcrumbList\",\"@id\":\"https:\\\/\\\/www.poledance.sk\\\/index.php\\\/instruktor-pole-dance-i\\\/#breadcrumb\",\"itemListElement\":[{\"@type\":\"ListItem\",\"position\":1,\"name\":\"Domovsk\u00e1 str\u00e1nka\",\"item\":\"https:\\\/\\\/www.poledance.sk\\\/\"},{\"@type\":\"ListItem\",\"position\":2,\"name\":\"Kurz In\u0161truktor Pole dance I.\"}]},{\"@type\":\"WebSite\",\"@id\":\"https:\\\/\\\/www.poledance.sk\\\/#website\",\"url\":\"https:\\\/\\\/www.poledance.sk\\\/\",\"name\":\"www.poledance.sk\",\"description\":\"V\u0161etko, \u010do chce\u0161 vedie\u0165 o pole dance\",\"publisher\":{\"@id\":\"https:\\\/\\\/www.poledance.sk\\\/#organization\"},\"alternateName\":\"pole dance slovensko v\u0161etko \u010do chce\u0161 vedie\u0165 o pole dance\",\"potentialAction\":[{\"@type\":\"SearchAction\",\"target\":{\"@type\":\"EntryPoint\",\"urlTemplate\":\"https:\\\/\\\/www.poledance.sk\\\/?s={search_term_string}\"},\"query-input\":{\"@type\":\"PropertyValueSpecification\",\"valueRequired\":true,\"valueName\":\"search_term_string\"}}],\"inLanguage\":\"sk-SK\"},{\"@type\":\"Organization\",\"@id\":\"https:\\\/\\\/www.poledance.sk\\\/#organization\",\"name\":\"Pole Dance\",\"url\":\"https:\\\/\\\/www.poledance.sk\\\/\",\"logo\":{\"@type\":\"ImageObject\",\"inLanguage\":\"sk-SK\",\"@id\":\"https:\\\/\\\/www.poledance.sk\\\/#\\\/schema\\\/logo\\\/image\\\/\",\"url\":\"https:\\\/\\\/www.poledance.sk\\\/wp-content\\\/uploads\\\/2024\\\/02\\\/cropped-logo-Micka-Pole-Slovensko.png\",\"contentUrl\":\"https:\\\/\\\/www.poledance.sk\\\/wp-content\\\/uploads\\\/2024\\\/02\\\/cropped-logo-Micka-Pole-Slovensko.png\",\"width\":512,\"height\":512,\"caption\":\"Pole Dance\"},\"image\":{\"@id\":\"https:\\\/\\\/www.poledance.sk\\\/#\\\/schema\\\/logo\\\/image\\\/\"},\"sameAs\":[\"https:\\\/\\\/www.facebook.com\\\/mickapoleslovensko\",\"https:\\\/\\\/www.instagram.com\\\/micka_pole_slovensko\\\/\"]}]}<\/script>\n<!-- \/ Yoast SEO plugin. -->","yoast_head_json":{"title":"Kurz In\u0161truktor Pole dance I. | www.poledance.sk","description":"\u201eInform\u00e1cie o kurze In\u0161truktor Pole Dance I. \u2013 obsah, d\u013a\u017eka, cenu, \u010do z\u00edskate po absolvovan\u00ed a ako sa prihl\u00e1si\u0165.\u201c","robots":{"index":"index","follow":"follow","max-snippet":"max-snippet:-1","max-image-preview":"max-image-preview:large","max-video-preview":"max-video-preview:-1"},"canonical":"https:\/\/www.poledance.sk\/index.php\/instruktor-pole-dance-i\/","og_locale":"sk_SK","og_type":"article","og_title":"Kurz In\u0161truktor Pole dance I. | www.poledance.sk","og_description":"\u201eInform\u00e1cie o kurze In\u0161truktor Pole Dance I. \u2013 obsah, d\u013a\u017eka, cenu, \u010do z\u00edskate po absolvovan\u00ed a ako sa prihl\u00e1si\u0165.\u201c","og_url":"https:\/\/www.poledance.sk\/index.php\/instruktor-pole-dance-i\/","og_site_name":"www.poledance.sk","article_publisher":"https:\/\/www.facebook.com\/mickapoleslovensko","article_modified_time":"2026-02-27T12:12:38+00:00","og_image":[{"width":1024,"height":683,"url":"https:\/\/www.poledance.sk\/wp-content\/uploads\/2025\/12\/8.-12.-2025-19_27_31-1024x683.png","type":"image\/png"}],"twitter_card":"summary_large_image","twitter_misc":{"Predpokladan\u00fd \u010das \u010d\u00edtania":"3 min\u00faty"},"schema":{"@context":"https:\/\/schema.org","@graph":[{"@type":"WebPage","@id":"https:\/\/www.poledance.sk\/index.php\/instruktor-pole-dance-i\/","url":"https:\/\/www.poledance.sk\/index.php\/instruktor-pole-dance-i\/","name":"Kurz In\u0161truktor Pole dance I. | www.poledance.sk","isPartOf":{"@id":"https:\/\/www.poledance.sk\/#website"},"primaryImageOfPage":{"@id":"https:\/\/www.poledance.sk\/index.php\/instruktor-pole-dance-i\/#primaryimage"},"image":{"@id":"https:\/\/www.poledance.sk\/index.php\/instruktor-pole-dance-i\/#primaryimage"},"thumbnailUrl":"https:\/\/www.poledance.sk\/wp-content\/uploads\/2025\/12\/8.-12.-2025-19_27_31-1024x683.png","datePublished":"2025-12-08T17:55:37+00:00","dateModified":"2026-02-27T12:12:38+00:00","description":"\u201eInform\u00e1cie o kurze In\u0161truktor Pole Dance I. \u2013 obsah, d\u013a\u017eka, cenu, \u010do z\u00edskate po absolvovan\u00ed a ako sa prihl\u00e1si\u0165.\u201c","breadcrumb":{"@id":"https:\/\/www.poledance.sk\/index.php\/instruktor-pole-dance-i\/#breadcrumb"},"inLanguage":"sk-SK","potentialAction":[{"@type":"ReadAction","target":["https:\/\/www.poledance.sk\/index.php\/instruktor-pole-dance-i\/"]}]},{"@type":"ImageObject","inLanguage":"sk-SK","@id":"https:\/\/www.poledance.sk\/index.php\/instruktor-pole-dance-i\/#primaryimage","url":"https:\/\/www.poledance.sk\/wp-content\/uploads\/2025\/12\/8.-12.-2025-19_27_31.png","contentUrl":"https:\/\/www.poledance.sk\/wp-content\/uploads\/2025\/12\/8.-12.-2025-19_27_31.png","width":1536,"height":1024,"caption":"In\u0161truktor Pole Dance I."},{"@type":"BreadcrumbList","@id":"https:\/\/www.poledance.sk\/index.php\/instruktor-pole-dance-i\/#breadcrumb","itemListElement":[{"@type":"ListItem","position":1,"name":"Domovsk\u00e1 str\u00e1nka","item":"https:\/\/www.poledance.sk\/"},{"@type":"ListItem","position":2,"name":"Kurz In\u0161truktor Pole dance I."}]},{"@type":"WebSite","@id":"https:\/\/www.poledance.sk\/#website","url":"https:\/\/www.poledance.sk\/","name":"www.poledance.sk","description":"V\u0161etko, \u010do chce\u0161 vedie\u0165 o pole dance","publisher":{"@id":"https:\/\/www.poledance.sk\/#organization"},"alternateName":"pole dance slovensko v\u0161etko \u010do chce\u0161 vedie\u0165 o pole dance","potentialAction":[{"@type":"SearchAction","target":{"@type":"EntryPoint","urlTemplate":"https:\/\/www.poledance.sk\/?s={search_term_string}"},"query-input":{"@type":"PropertyValueSpecification","valueRequired":true,"valueName":"search_term_string"}}],"inLanguage":"sk-SK"},{"@type":"Organization","@id":"https:\/\/www.poledance.sk\/#organization","name":"Pole Dance","url":"https:\/\/www.poledance.sk\/","logo":{"@type":"ImageObject","inLanguage":"sk-SK","@id":"https:\/\/www.poledance.sk\/#\/schema\/logo\/image\/","url":"https:\/\/www.poledance.sk\/wp-content\/uploads\/2024\/02\/cropped-logo-Micka-Pole-Slovensko.png","contentUrl":"https:\/\/www.poledance.sk\/wp-content\/uploads\/2024\/02\/cropped-logo-Micka-Pole-Slovensko.png","width":512,"height":512,"caption":"Pole Dance"},"image":{"@id":"https:\/\/www.poledance.sk\/#\/schema\/logo\/image\/"},"sameAs":["https:\/\/www.facebook.com\/mickapoleslovensko","https:\/\/www.instagram.com\/micka_pole_slovensko\/"]}]}},"_links":{"self":[{"href":"https:\/\/www.poledance.sk\/index.php\/wp-json\/wp\/v2\/pages\/826","targetHints":{"allow":["GET"]}}],"collection":[{"href":"https:\/\/www.poledance.sk\/index.php\/wp-json\/wp\/v2\/pages"}],"about":[{"href":"https:\/\/www.poledance.sk\/index.php\/wp-json\/wp\/v2\/types\/page"}],"author":[{"embeddable":true,"href":"https:\/\/www.poledance.sk\/index.php\/wp-json\/wp\/v2\/users\/1"}],"replies":[{"embeddable":true,"href":"https:\/\/www.poledance.sk\/index.php\/wp-json\/wp\/v2\/comments?post=826"}],"version-history":[{"count":19,"href":"https:\/\/www.poledance.sk\/index.php\/wp-json\/wp\/v2\/pages\/826\/revisions"}],"predecessor-version":[{"id":873,"href":"https:\/\/www.poledance.sk\/index.php\/wp-json\/wp\/v2\/pages\/826\/revisions\/873"}],"wp:attachment":[{"href":"https:\/\/www.poledance.sk\/index.php\/wp-json\/wp\/v2\/media?parent=826"}],"curies":[{"name":"wp","href":"https:\/\/api.w.org\/{rel}","templated":true}]}}